{"id":8994,"date":"2022-08-26T09:36:18","date_gmt":"2022-08-26T07:36:18","guid":{"rendered":"https:\/\/impact-even.com\/?page_id=8994"},"modified":"2025-08-04T18:18:34","modified_gmt":"2025-08-04T16:18:34","slug":"le-recrutement","status":"publish","type":"page","link":"https:\/\/impact-even.com\/en\/le-recrutement\/","title":{"rendered":"Recrutement"},"content":{"rendered":"<div class=\"wpb-content-wrapper\"><div data-vc-full-width=\"true\" data-vc-full-width-temp=\"true\" data-vc-full-width-init=\"false\" data-vc-stretch-content=\"true\" class=\"vc_row wpb_row vc_row-fluid row_bandeau_plateaux vc_custom_1728998397037 vc_row-has-fill\"><div class=\"wpb_column vc_column_container vc_col-sm-12\"><div class=\"vc_column-inner vc_custom_1644319661070\"><div class=\"wpb_wrapper\">\n\t<div class=\"wpb_text_column wpb_content_element vc_custom_1728470079440\" >\n\t\t<div class=\"wpb_wrapper\">\n\t\t\t<h1>Recrutement<\/h1>\n\n\t\t<\/div>\n\t<\/div>\n<div class=\"vc_row wpb_row vc_inner vc_row-fluid\"><div class=\"wpb_column vc_column_container vc_col-sm-12\"><div class=\"vc_column-inner\"><div class=\"wpb_wrapper\"><div class=\"vc_btn3-container  btn_transparent vc_btn3-inline vc_custom_1684318894527 vc_do_btn\" ><a class=\"vc_general vc_btn3 vc_btn3-size-md vc_btn3-shape-rounded vc_btn3-style-modern vc_btn3-color-grey\" href=\"#cdi\" title=\"\">POSTES EN CDI<\/a><\/div><div class=\"vc_btn3-container  btn_transparent vc_btn3-inline vc_custom_1655730502432 vc_do_btn\" ><a class=\"vc_general vc_btn3 vc_btn3-size-md vc_btn3-shape-rounded vc_btn3-style-modern vc_btn3-color-grey\" href=\"#intermittents\" title=\"\">Intermittents<\/a><\/div><div class=\"vc_btn3-container  btn_transparent vc_btn3-inline vc_do_btn\" ><a class=\"vc_general vc_btn3 vc_btn3-size-md vc_btn3-shape-rounded vc_btn3-style-modern vc_btn3-color-grey\" href=\"#alternance-stage\" title=\"\">Offres d'alternance<\/a><\/div><div class=\"vc_btn3-container  btn_transparent vc_btn3-inline vc_do_btn\" ><a class=\"vc_general vc_btn3 vc_btn3-size-md vc_btn3-shape-rounded vc_btn3-style-modern vc_btn3-color-grey\" href=\"#candidature-spontanee\" title=\"\">Candidature spontan\u00e9e<\/a><\/div><\/div><\/div><\/div><\/div><\/div><\/div><\/div><\/div><div class=\"vc_row-full-width vc_clearfix\"><\/div><div data-vc-full-width=\"true\" data-vc-full-width-temp=\"true\" data-vc-full-width-init=\"false\" data-vc-stretch-content=\"true\" class=\"vc_row wpb_row vc_row-fluid\"><div class=\"wpb_column vc_column_container vc_col-sm-12\"><div class=\"vc_column-inner vc_custom_1669122678083\"><div class=\"wpb_wrapper\">\n\t<div class=\"wpb_raw_code wpb_raw_html wpb_content_element\" >\n\t\t<div class=\"wpb_wrapper\">\n\t\t\t      <div class=\"breadcrumbs\">\n      <a href=\"\/\">\n        <svg xmlns=\"http:\/\/www.w3.org\/2000\/svg\" width=\"10.561\" height=\"11.818\" viewBox=\"0 0 10.561 11.818\">\n          <g id=\"icon_homepage-alt\" data-name=\"icon\/homepage-alt\" transform=\"translate(0.25 0.25)\">\n            <path id=\"lineart\" d=\"M5.03,0,0,5.03v6.288H3.773V8.8a1.258,1.258,0,0,1,2.515,0v2.515h3.773V5.03Z\" fill=\"none\" stroke=\"#5b6665\" stroke-linecap=\"round\" stroke-linejoin=\"round\" stroke-miterlimit=\"10\" stroke-width=\"0.5\"\/>\n          <\/g>\n        <\/svg>\n      <\/a> >\n      <span>Recrutement<\/span>\n    <\/div>\n\t\t<\/div>\n\t<\/div>\n<\/div><\/div><\/div><\/div><div class=\"vc_row-full-width vc_clearfix\"><\/div><div class=\"vc_row wpb_row vc_row-fluid\"><div class=\"wpb_column vc_column_container vc_col-sm-12\"><div class=\"vc_column-inner\"><div class=\"wpb_wrapper\">\n\t<div class=\"wpb_text_column wpb_content_element\" >\n\t\t<div class=\"wpb_wrapper\">\n\t\t\t<h2 style=\"text-align: center;\"><span style=\"color: #000000;\">Les offres d\u2019emploi<\/span><\/h2>\n\n\t\t<\/div>\n\t<\/div>\n\n\t<div class=\"wpb_text_column wpb_content_element txt_sub_title subtxt_jobs\" >\n\t\t<div class=\"wpb_wrapper\">\n\t\t\t<h4 style=\"text-align: center;\"><span style=\"color: #d8005b;\"><strong>Vous souhaitez int\u00e9grer un cadre de travail inspirant et positif\u2026 <\/strong><\/span><\/h4>\n\n\t\t<\/div>\n\t<\/div>\n\n\t<div  class=\"wpb_single_image wpb_content_element vc_align_center wpb_content_element\">\n\t\t\n\t\t<figure class=\"wpb_wrapper vc_figure\">\n\t\t\t<div class=\"vc_single_image-wrapper   vc_box_border_grey\"><img decoding=\"async\" width=\"536\" height=\"171\" src=\"https:\/\/impact-even.com\/wp-content\/uploads\/2023\/07\/rejoignez-nous-picto.png\" class=\"vc_single_image-img attachment-large\" alt=\"\" title=\"rejoignez-nous-picto\" srcset=\"https:\/\/impact-even.com\/wp-content\/uploads\/2023\/07\/rejoignez-nous-picto.png 536w, https:\/\/impact-even.com\/wp-content\/uploads\/2023\/07\/rejoignez-nous-picto-300x96.png 300w, https:\/\/impact-even.com\/wp-content\/uploads\/2023\/07\/rejoignez-nous-picto-18x6.png 18w\" sizes=\"(max-width: 536px) 100vw, 536px\" \/><\/div>\n\t\t<\/figure>\n\t<\/div>\n\n\t<div class=\"wpb_text_column wpb_content_element txt_sub_title subtxt_jobs\" >\n\t\t<div class=\"wpb_wrapper\">\n\t\t\t<p style=\"text-align: center; padding-top: 25px; font-size: 18px;\"><span style=\"color: #333333;\">Depuis 1987, la soci\u00e9t\u00e9 IMPACT \u00c9V\u00c9NEMENT \u0153uvre dans la prestation technique \u00e9v\u00e9nementielle.<\/span><br \/>\n<span style=\"color: #333333;\">Gr\u00e2ce aux comp\u00e9tences diversifi\u00e9es de nos \u00e9quipes, nous r\u00e9alisons les projets les plus inattendus dans les domaines les plus vari\u00e9s :<br \/>\nloueur \/ prestataire de service en son, lumi\u00e8re, vid\u00e9o, structure pour l\u2019\u00e9v\u00e9nementiel, le spectacle et la TV.<\/span><\/p>\n<p style=\"text-align: center;\"><strong><span style=\"color: #333333;\">Tout au long de l\u2019ann\u00e9e, nous recherchons de nouvelles forces vives : salari\u00e9s, intermittents du spectacle.<\/span><\/strong><\/p>\n<p style=\"text-align: center;\"><span style=\"color: #000000; font-size: 10pt;\">[ Les postes \u00e0 pourvoir s\u2019adressent aux postulants Hommes, Femmes et aux personnes touch\u00e9es par un handicap ]<\/span><\/p>\n\n\t\t<\/div>\n\t<\/div>\n<div class=\"vc_separator wpb_content_element vc_separator_align_center vc_sep_width_100 vc_sep_pos_align_center vc_separator_no_text vc_sep_color_black vc_custom_1690187099530 wpb_content_element  vc_custom_1690187099530 wpb_content_element\" ><span class=\"vc_sep_holder vc_sep_holder_l\"><span class=\"vc_sep_line\"><\/span><\/span><span class=\"vc_sep_holder vc_sep_holder_r\"><span class=\"vc_sep_line\"><\/span><\/span>\n<\/div><\/div><\/div><\/div><\/div><div id=\"cdi\" class=\"vc_row wpb_row vc_row-fluid vc_custom_1656071241530\"><div class=\"wpb_column vc_column_container vc_col-sm-12\"><div class=\"vc_column-inner\"><div class=\"wpb_wrapper\">\n\t<div  class=\"wpb_single_image wpb_content_element vc_align_center wpb_content_element\">\n\t\t\n\t\t<figure class=\"wpb_wrapper vc_figure\">\n\t\t\t<div class=\"vc_single_image-wrapper   vc_box_border_grey\"><img decoding=\"async\" width=\"2560\" height=\"780\" src=\"https:\/\/impact-even.com\/wp-content\/uploads\/2023\/07\/BANDEAU_POSTES_EN_CDI_2560x780.jpg\" class=\"vc_single_image-img attachment-full\" alt=\"\" title=\"BANDEAU_POSTES_EN_CDI_2560x780\" srcset=\"https:\/\/impact-even.com\/wp-content\/uploads\/2023\/07\/BANDEAU_POSTES_EN_CDI_2560x780.jpg 2560w, https:\/\/impact-even.com\/wp-content\/uploads\/2023\/07\/BANDEAU_POSTES_EN_CDI_2560x780-300x91.jpg 300w, https:\/\/impact-even.com\/wp-content\/uploads\/2023\/07\/BANDEAU_POSTES_EN_CDI_2560x780-1024x312.jpg 1024w, https:\/\/impact-even.com\/wp-content\/uploads\/2023\/07\/BANDEAU_POSTES_EN_CDI_2560x780-768x234.jpg 768w, https:\/\/impact-even.com\/wp-content\/uploads\/2023\/07\/BANDEAU_POSTES_EN_CDI_2560x780-1536x468.jpg 1536w, https:\/\/impact-even.com\/wp-content\/uploads\/2023\/07\/BANDEAU_POSTES_EN_CDI_2560x780-2048x624.jpg 2048w, https:\/\/impact-even.com\/wp-content\/uploads\/2023\/07\/BANDEAU_POSTES_EN_CDI_2560x780-18x5.jpg 18w\" sizes=\"(max-width: 2560px) 100vw, 2560px\" \/><\/div>\n\t\t<\/figure>\n\t<\/div>\n\n\t<div class=\"wpb_text_column wpb_content_element txt_sub_title subtxt_jobs\" >\n\t\t<div class=\"wpb_wrapper\">\n\t\t\t<p style=\"font-size: 18px; line-height: 28px; text-align: center;\"><span style=\"color: #000000;\"><strong>Impact \u00c9v\u00e9nement<\/strong>, propose des offres d&#8217;emploi en CDI pour ses deux sites :<\/span><span style=\"font-size: 18px; line-height: 28px;\"><strong><br \/>\n<\/strong><a style=\"color: #d8005b; text-underline-position: under;\" href=\"https:\/\/impact-even.com\/contact\/nous-trouver\/#parissud\" target=\"_blank\" rel=\"noopener\">le si\u00e8ge Paris sud<\/a> <span style=\"color: #000000;\">de Longjumeau (91) et <\/span><\/span><span style=\"font-size: 18px; line-height: 28px;\"><a style=\"color: #d8005b; text-underline-position: under;\" href=\"https:\/\/impact-even.com\/contact\/nous-trouver\/#parisnord\" target=\"_blank\" rel=\"noopener\">l&rsquo;agence TV-Cin\u00e9ma Paris nord<\/a> <span style=\"color: #000000;\">d&rsquo;Aubervilliers (93)<\/span><\/span><\/p>\n\n\t\t<\/div>\n\t<\/div>\n\n\n\n<div class=\"vc_empty_space\"   style=\"height: 145px\"><span class=\"vc_empty_space_inner\"><\/span><\/div><\/div><\/div><\/div><\/div><div id=\"intermittents\" class=\"vc_row wpb_row vc_row-fluid\"><div class=\"wpb_column vc_column_container vc_col-sm-12\"><div class=\"vc_column-inner\"><div class=\"wpb_wrapper\">\n\t<div  class=\"wpb_single_image wpb_content_element vc_align_center wpb_content_element vc_custom_1690187130225\">\n\t\t\n\t\t<figure class=\"wpb_wrapper vc_figure\">\n\t\t\t<div class=\"vc_single_image-wrapper   vc_box_border_grey\"><img decoding=\"async\" width=\"2560\" height=\"780\" src=\"https:\/\/impact-even.com\/wp-content\/uploads\/2023\/07\/BANDEAU_intermittents_02_2560x780.jpg\" class=\"vc_single_image-img attachment-full\" alt=\"\" title=\"BANDEAU_intermittents_02_2560x780\" srcset=\"https:\/\/impact-even.com\/wp-content\/uploads\/2023\/07\/BANDEAU_intermittents_02_2560x780.jpg 2560w, https:\/\/impact-even.com\/wp-content\/uploads\/2023\/07\/BANDEAU_intermittents_02_2560x780-300x91.jpg 300w, https:\/\/impact-even.com\/wp-content\/uploads\/2023\/07\/BANDEAU_intermittents_02_2560x780-1024x312.jpg 1024w, https:\/\/impact-even.com\/wp-content\/uploads\/2023\/07\/BANDEAU_intermittents_02_2560x780-768x234.jpg 768w, https:\/\/impact-even.com\/wp-content\/uploads\/2023\/07\/BANDEAU_intermittents_02_2560x780-1536x468.jpg 1536w, https:\/\/impact-even.com\/wp-content\/uploads\/2023\/07\/BANDEAU_intermittents_02_2560x780-2048x624.jpg 2048w, https:\/\/impact-even.com\/wp-content\/uploads\/2023\/07\/BANDEAU_intermittents_02_2560x780-18x5.jpg 18w\" sizes=\"(max-width: 2560px) 100vw, 2560px\" \/><\/div>\n\t\t<\/figure>\n\t<\/div>\n\n\t<div class=\"wpb_text_column wpb_content_element\" >\n\t\t<div class=\"wpb_wrapper\">\n\t\t\t<p style=\"font-size: 18px; line-height: 28px; text-align: center;\"><strong>Impact \u00c9v\u00e9nement recherche toute l\u2019ann\u00e9e des Intermittents du Spectacle.<\/strong><br \/>\nVous \u00eates technicien(ne) son, lumi\u00e8re, vid\u00e9o, structure, exp\u00e9riment\u00e9(e) ou d\u00e9butant(e), vous aimez participer \u00e0 de grands projets\u2026<\/p>\n\n\t\t<\/div>\n\t<\/div>\n\n\t<div class=\"wpb_text_column wpb_content_element job-accordion-section-title\" >\n\t\t<div class=\"wpb_wrapper\">\n\t\t\t<h3 style=\"text-align: center;\">Intermittents du spectacle, Postulez !<\/h3>\n\n\t\t<\/div>\n\t<\/div>\n<div class=\"vc_btn3-container  btn_apply vc_btn3-center vc_do_btn\" ><a class=\"vc_general vc_btn3 vc_btn3-size-md vc_btn3-shape-rounded vc_btn3-style-classic vc_btn3-color-grey\" href=\"https:\/\/impact-even.com\/formulaire_recrutement_freelances\/\" title=\"\" target=\"_blank\">Formulaire en ligne<\/a><\/div><div class=\"vc_empty_space\"   style=\"height: 145px\"><span class=\"vc_empty_space_inner\"><\/span><\/div><\/div><\/div><\/div><\/div><div id=\"alternance-stage\" class=\"vc_row wpb_row vc_row-fluid vc_custom_1690185281388\"><div class=\"wpb_column vc_column_container vc_col-sm-12\"><div class=\"vc_column-inner\"><div class=\"wpb_wrapper\">\n\t<div  class=\"wpb_single_image wpb_content_element vc_align_center wpb_content_element vc_custom_1690187170922\">\n\t\t\n\t\t<figure class=\"wpb_wrapper vc_figure\">\n\t\t\t<div class=\"vc_single_image-wrapper   vc_box_border_grey\"><img decoding=\"async\" width=\"2560\" height=\"780\" src=\"https:\/\/impact-even.com\/wp-content\/uploads\/2023\/07\/ALTERNANCE_close-up-young-people-smiling-together-scaled-e1689159679152.jpeg\" class=\"vc_single_image-img attachment-full\" alt=\"\" title=\"ALTERNANCE_close-up-young-people-smiling-together\" srcset=\"https:\/\/impact-even.com\/wp-content\/uploads\/2023\/07\/ALTERNANCE_close-up-young-people-smiling-together-scaled-e1689159679152.jpeg 2560w, https:\/\/impact-even.com\/wp-content\/uploads\/2023\/07\/ALTERNANCE_close-up-young-people-smiling-together-scaled-e1689159679152-300x91.jpeg 300w, https:\/\/impact-even.com\/wp-content\/uploads\/2023\/07\/ALTERNANCE_close-up-young-people-smiling-together-scaled-e1689159679152-1024x312.jpeg 1024w, https:\/\/impact-even.com\/wp-content\/uploads\/2023\/07\/ALTERNANCE_close-up-young-people-smiling-together-scaled-e1689159679152-768x234.jpeg 768w, https:\/\/impact-even.com\/wp-content\/uploads\/2023\/07\/ALTERNANCE_close-up-young-people-smiling-together-scaled-e1689159679152-1536x468.jpeg 1536w, https:\/\/impact-even.com\/wp-content\/uploads\/2023\/07\/ALTERNANCE_close-up-young-people-smiling-together-scaled-e1689159679152-2048x624.jpeg 2048w, https:\/\/impact-even.com\/wp-content\/uploads\/2023\/07\/ALTERNANCE_close-up-young-people-smiling-together-scaled-e1689159679152-18x5.jpeg 18w\" sizes=\"(max-width: 2560px) 100vw, 2560px\" \/><\/div>\n\t\t<\/figure>\n\t<\/div>\n\n\t<div class=\"wpb_text_column wpb_content_element\" >\n\t\t<div class=\"wpb_wrapper\">\n\t\t\t<p style=\"font-size: 18px; line-height: 28px; text-align: center;\"><strong>Impact \u00c9v\u00e9nement<\/strong>, soci\u00e9t\u00e9 majeure depuis plus de 38 ans dans le domaine des techniques \u00e9v\u00e9nementielles, son, lumi\u00e8re, vid\u00e9o, structure aluminium pour les domaines de prestation et de location, <strong>recherche de jeunes talents qui pourront s\u2019\u00e9panouir\u00a0 au sein de notre soci\u00e9t\u00e9<\/strong><\/p>\n\n\t\t<\/div>\n\t<\/div>\n\n\n\n<div class=\"vc_empty_space\"   style=\"height: 145px\"><span class=\"vc_empty_space_inner\"><\/span><\/div><\/div><\/div><\/div><\/div><div id=\"candidature-spontanee\" data-vc-full-width=\"true\" data-vc-full-width-temp=\"true\" data-vc-full-width-init=\"false\" class=\"vc_row wpb_row vc_row-fluid vc_custom_1656071977639 vc_row-has-fill\"><div class=\"wpb_column vc_column_container vc_col-sm-12\"><div class=\"vc_column-inner\"><div class=\"wpb_wrapper\"><div class=\"vc_row wpb_row vc_inner vc_row-fluid row_spontaneous\"><div class=\"wpb_column vc_column_container vc_col-sm-1\/5\"><div class=\"vc_column-inner\"><div class=\"wpb_wrapper\">\n\t<div  class=\"wpb_single_image wpb_content_element vc_align_center wpb_content_element\">\n\t\t\n\t\t<figure class=\"wpb_wrapper vc_figure\">\n\t\t\t<div class=\"vc_single_image-wrapper   vc_box_border_grey\"><img decoding=\"async\" width=\"140\" height=\"140\" src=\"https:\/\/impact-even.com\/wp-content\/uploads\/2022\/08\/Rectangle-391-1.png\" class=\"vc_single_image-img attachment-full\" alt=\"\" title=\"Rectangle-391\" \/><\/div>\n\t\t<\/figure>\n\t<\/div>\n<\/div><\/div><\/div><div class=\"wpb_column vc_column_container vc_col-sm-1\/5\"><div class=\"vc_column-inner\"><div class=\"wpb_wrapper\">\n\t<div  class=\"wpb_single_image wpb_content_element vc_align_center wpb_content_element\">\n\t\t\n\t\t<figure class=\"wpb_wrapper vc_figure\">\n\t\t\t<div class=\"vc_single_image-wrapper   vc_box_border_grey\"><img decoding=\"async\" width=\"140\" height=\"140\" src=\"https:\/\/impact-even.com\/wp-content\/uploads\/2022\/08\/Rectangle-392-1.png\" class=\"vc_single_image-img attachment-full\" alt=\"\" title=\"Rectangle-392\" \/><\/div>\n\t\t<\/figure>\n\t<\/div>\n<\/div><\/div><\/div><div class=\"wpb_column vc_column_container vc_col-sm-1\/5\"><div class=\"vc_column-inner\"><div class=\"wpb_wrapper\">\n\t<div  class=\"wpb_single_image wpb_content_element vc_align_center wpb_content_element\">\n\t\t\n\t\t<figure class=\"wpb_wrapper vc_figure\">\n\t\t\t<div class=\"vc_single_image-wrapper   vc_box_border_grey\"><img decoding=\"async\" width=\"140\" height=\"140\" src=\"https:\/\/impact-even.com\/wp-content\/uploads\/2022\/08\/Rectangle-393-1.png\" class=\"vc_single_image-img attachment-full\" alt=\"\" title=\"Rectangle-393\" \/><\/div>\n\t\t<\/figure>\n\t<\/div>\n<\/div><\/div><\/div><div class=\"wpb_column vc_column_container vc_col-sm-1\/5\"><div class=\"vc_column-inner\"><div class=\"wpb_wrapper\">\n\t<div  class=\"wpb_single_image wpb_content_element vc_align_center wpb_content_element\">\n\t\t\n\t\t<figure class=\"wpb_wrapper vc_figure\">\n\t\t\t<div class=\"vc_single_image-wrapper   vc_box_border_grey\"><img decoding=\"async\" width=\"140\" height=\"140\" src=\"https:\/\/impact-even.com\/wp-content\/uploads\/2022\/08\/Rectangle-394-1.png\" class=\"vc_single_image-img attachment-full\" alt=\"\" title=\"Rectangle-394\" \/><\/div>\n\t\t<\/figure>\n\t<\/div>\n<\/div><\/div><\/div><div class=\"wpb_column vc_column_container vc_col-sm-1\/5\"><div class=\"vc_column-inner\"><div class=\"wpb_wrapper\">\n\t<div  class=\"wpb_single_image wpb_content_element vc_align_center wpb_content_element\">\n\t\t\n\t\t<figure class=\"wpb_wrapper vc_figure\">\n\t\t\t<div class=\"vc_single_image-wrapper   vc_box_border_grey\"><img decoding=\"async\" width=\"140\" height=\"140\" src=\"https:\/\/impact-even.com\/wp-content\/uploads\/2022\/08\/Rectangle-395-1.png\" class=\"vc_single_image-img attachment-full\" alt=\"\" title=\"Rectangle-395\" \/><\/div>\n\t\t<\/figure>\n\t<\/div>\n<\/div><\/div><\/div><\/div>\n\t<div class=\"wpb_text_column wpb_content_element vc_custom_1656064871374 job-accordion-section-title\" >\n\t\t<div class=\"wpb_wrapper\">\n\t\t\t<h3 style=\"text-align: center;\">Candidatures spontan\u00e9es<\/h3>\n\n\t\t<\/div>\n\t<\/div>\n<div class=\"vc_btn3-container  btn_apply vc_btn3-center vc_do_btn\" ><a class=\"vc_general vc_btn3 vc_btn3-size-md vc_btn3-shape-rounded vc_btn3-style-classic vc_btn3-color-grey\" href=\"https:\/\/impact-even.com\/offresemploi\/candidatures-spontanees\/\" title=\"Candidatures spontan\u00e9es\">Formulaire<\/a><\/div><\/div><\/div><\/div><\/div><div class=\"vc_row-full-width vc_clearfix\"><\/div>\n<\/div>","protected":false},"excerpt":{"rendered":"Recrutement POSTES EN CDIIntermittentsOffres d'alternanceCandidature spontan\u00e9e > Recrutement Les offres d\u2019emploi Vous souhaitez int\u00e9grer un cadre de travail inspirant et positif\u2026 Depuis 1987, la soci\u00e9t\u00e9 IMPACT \u00c9V\u00c9NEMENT \u0153uvre dans la prestation technique \u00e9v\u00e9nementielle. Gr\u00e2ce aux comp\u00e9tences diversifi\u00e9es de nos \u00e9quipes, nous r\u00e9alisons les projets les plus inattendus dans les domaines les plus vari\u00e9s : loueur","protected":false},"author":2,"featured_media":0,"parent":0,"menu_order":0,"comment_status":"closed","ping_status":"closed","template":"","meta":{"_acf_changed":false,"rs_blank_template":"","rs_page_bg_color":"","slide_template_v7":"","inline_featured_image":false,"footnotes":""},"class_list":["post-8994","page","type-page","status-publish","hentry"],"acf":[],"yoast_head":"<!-- This site is optimized with the Yoast SEO plugin v27.5 - https:\/\/yoast.com\/product\/yoast-seo-wordpress\/ -->\n<title>Recrutement - Impact \u00c9v\u00e9nement<\/title>\n<meta name=\"description\" content=\"Retrouvez toutes nos offres d&#039;emploi sur la page recrutement d&#039;IMPACT EVENEMENT\" \/>\n<meta name=\"robots\" content=\"index, follow, max-snippet:-1, max-image-preview:large, max-video-preview:-1\" \/>\n<link rel=\"canonical\" href=\"https:\/\/impact-even.com\/en\/le-recrutement\/\" \/>\n<meta property=\"og:locale\" content=\"en_GB\" \/>\n<meta property=\"og:type\" content=\"article\" \/>\n<meta property=\"og:title\" content=\"Recrutement - Impact \u00c9v\u00e9nement\" \/>\n<meta property=\"og:description\" content=\"Retrouvez toutes nos offres d&#039;emploi sur la page recrutement d&#039;IMPACT EVENEMENT\" \/>\n<meta property=\"og:url\" content=\"https:\/\/impact-even.com\/en\/le-recrutement\/\" \/>\n<meta property=\"og:site_name\" content=\"Impact \u00c9v\u00e9nement\" \/>\n<meta property=\"article:modified_time\" content=\"2025-08-04T16:18:34+00:00\" \/>\n<meta property=\"og:image\" content=\"https:\/\/impact-even.com\/wp-content\/uploads\/2022\/08\/vignette_impact_recrute__FACEBOOK.jpg\" \/>\n\t<meta property=\"og:image:width\" content=\"1000\" \/>\n\t<meta property=\"og:image:height\" content=\"522\" \/>\n\t<meta property=\"og:image:type\" content=\"image\/jpeg\" \/>\n<meta name=\"twitter:label1\" content=\"Estimated reading time\" \/>\n\t<meta name=\"twitter:data1\" content=\"4 minutes\" \/>\n<script type=\"application\/ld+json\" class=\"yoast-schema-graph\">{\"@context\":\"https:\\\/\\\/schema.org\",\"@graph\":[{\"@type\":\"WebPage\",\"@id\":\"https:\\\/\\\/impact-even.com\\\/le-recrutement\\\/\",\"url\":\"https:\\\/\\\/impact-even.com\\\/le-recrutement\\\/\",\"name\":\"Recrutement - Impact \u00c9v\u00e9nement\",\"isPartOf\":{\"@id\":\"https:\\\/\\\/impact-even.com\\\/#website\"},\"datePublished\":\"2022-08-26T07:36:18+00:00\",\"dateModified\":\"2025-08-04T16:18:34+00:00\",\"description\":\"Retrouvez toutes nos offres d'emploi sur la page recrutement d'IMPACT EVENEMENT\",\"breadcrumb\":{\"@id\":\"https:\\\/\\\/impact-even.com\\\/le-recrutement\\\/#breadcrumb\"},\"inLanguage\":\"en-GB\",\"potentialAction\":[{\"@type\":\"ReadAction\",\"target\":[\"https:\\\/\\\/impact-even.com\\\/le-recrutement\\\/\"]}]},{\"@type\":\"BreadcrumbList\",\"@id\":\"https:\\\/\\\/impact-even.com\\\/le-recrutement\\\/#breadcrumb\",\"itemListElement\":[{\"@type\":\"ListItem\",\"position\":1,\"name\":\"Accueil\",\"item\":\"https:\\\/\\\/impact-even.com\\\/\"},{\"@type\":\"ListItem\",\"position\":2,\"name\":\"Recrutement\"}]},{\"@type\":\"WebSite\",\"@id\":\"https:\\\/\\\/impact-even.com\\\/#website\",\"url\":\"https:\\\/\\\/impact-even.com\\\/\",\"name\":\"Impact \u00c9v\u00e9nement\",\"description\":\"Prestataire technique audiovisuel\",\"potentialAction\":[{\"@type\":\"SearchAction\",\"target\":{\"@type\":\"EntryPoint\",\"urlTemplate\":\"https:\\\/\\\/impact-even.com\\\/?s={search_term_string}\"},\"query-input\":{\"@type\":\"PropertyValueSpecification\",\"valueRequired\":true,\"valueName\":\"search_term_string\"}}],\"inLanguage\":\"en-GB\"}]}<\/script>\n<!-- \/ Yoast SEO plugin. -->","yoast_head_json":{"title":"Recrutement - Impact \u00c9v\u00e9nement","description":"Retrouvez toutes nos offres d'emploi sur la page recrutement d'IMPACT EVENEMENT","robots":{"index":"index","follow":"follow","max-snippet":"max-snippet:-1","max-image-preview":"max-image-preview:large","max-video-preview":"max-video-preview:-1"},"canonical":"https:\/\/impact-even.com\/en\/le-recrutement\/","og_locale":"en_GB","og_type":"article","og_title":"Recrutement - Impact \u00c9v\u00e9nement","og_description":"Retrouvez toutes nos offres d'emploi sur la page recrutement d'IMPACT EVENEMENT","og_url":"https:\/\/impact-even.com\/en\/le-recrutement\/","og_site_name":"Impact \u00c9v\u00e9nement","article_modified_time":"2025-08-04T16:18:34+00:00","og_image":[{"width":1000,"height":522,"url":"https:\/\/impact-even.com\/wp-content\/uploads\/2022\/08\/vignette_impact_recrute__FACEBOOK.jpg","type":"image\/jpeg"}],"twitter_misc":{"Estimated reading time":"4 minutes"},"schema":{"@context":"https:\/\/schema.org","@graph":[{"@type":"WebPage","@id":"https:\/\/impact-even.com\/le-recrutement\/","url":"https:\/\/impact-even.com\/le-recrutement\/","name":"Recrutement - Impact \u00c9v\u00e9nement","isPartOf":{"@id":"https:\/\/impact-even.com\/#website"},"datePublished":"2022-08-26T07:36:18+00:00","dateModified":"2025-08-04T16:18:34+00:00","description":"Retrouvez toutes nos offres d'emploi sur la page recrutement d'IMPACT EVENEMENT","breadcrumb":{"@id":"https:\/\/impact-even.com\/le-recrutement\/#breadcrumb"},"inLanguage":"en-GB","potentialAction":[{"@type":"ReadAction","target":["https:\/\/impact-even.com\/le-recrutement\/"]}]},{"@type":"BreadcrumbList","@id":"https:\/\/impact-even.com\/le-recrutement\/#breadcrumb","itemListElement":[{"@type":"ListItem","position":1,"name":"Accueil","item":"https:\/\/impact-even.com\/"},{"@type":"ListItem","position":2,"name":"Recrutement"}]},{"@type":"WebSite","@id":"https:\/\/impact-even.com\/#website","url":"https:\/\/impact-even.com\/","name":"Impact \u00c9v\u00e9nement","description":"Prestataire technique audiovisuel","potentialAction":[{"@type":"SearchAction","target":{"@type":"EntryPoint","urlTemplate":"https:\/\/impact-even.com\/?s={search_term_string}"},"query-input":{"@type":"PropertyValueSpecification","valueRequired":true,"valueName":"search_term_string"}}],"inLanguage":"en-GB"}]}},"_links":{"self":[{"href":"https:\/\/impact-even.com\/en\/wp-json\/wp\/v2\/pages\/8994","targetHints":{"allow":["GET"]}}],"collection":[{"href":"https:\/\/impact-even.com\/en\/wp-json\/wp\/v2\/pages"}],"about":[{"href":"https:\/\/impact-even.com\/en\/wp-json\/wp\/v2\/types\/page"}],"author":[{"embeddable":true,"href":"https:\/\/impact-even.com\/en\/wp-json\/wp\/v2\/users\/2"}],"replies":[{"embeddable":true,"href":"https:\/\/impact-even.com\/en\/wp-json\/wp\/v2\/comments?post=8994"}],"version-history":[{"count":42,"href":"https:\/\/impact-even.com\/en\/wp-json\/wp\/v2\/pages\/8994\/revisions"}],"predecessor-version":[{"id":23205,"href":"https:\/\/impact-even.com\/en\/wp-json\/wp\/v2\/pages\/8994\/revisions\/23205"}],"wp:attachment":[{"href":"https:\/\/impact-even.com\/en\/wp-json\/wp\/v2\/media?parent=8994"}],"curies":[{"name":"wp","href":"https:\/\/api.w.org\/{rel}","templated":true}]}}