{"id":490,"date":"2022-01-10T17:13:07","date_gmt":"2022-01-10T16:13:07","guid":{"rendered":"https:\/\/impact-even.com\/?page_id=490"},"modified":"2022-03-09T10:42:36","modified_gmt":"2022-03-09T09:42:36","slug":"entreprise","status":"publish","type":"page","link":"https:\/\/impact-even.com\/en\/actualites\/entreprise\/","title":{"rendered":"Entreprise"},"content":{"rendered":"<div class=\"wpb-content-wrapper\"><div data-vc-full-width=\"true\" data-vc-full-width-temp=\"true\" data-vc-full-width-init=\"false\" data-vc-stretch-content=\"true\" class=\"vc_row wpb_row vc_row-fluid vc_row-no-padding\"><div class=\"wpb_column vc_column_container vc_col-sm-12\"><div class=\"vc_column-inner\"><div class=\"wpb_wrapper\">\n\t<div class='bloc-actualites'>\n\n\t\t<div  class=\"filters-actualites\">\n\t\t\t<h1>L'entreprise<\/h1>\n\t\t\t<div class=\"postypes-filters\">\n\t\t\t\t\t\t\t\t\t<a class=\"\" href=\"\/en\/?page_id=153\">Toutes les actualit\u00e9s<\/a>\n\t\t\t\t\t\t\t\t\t<a class=\"\" href=\"\/en\/?page_id=445\">R\u00e9alisations<\/a>\n\t\t\t\t\t\t\t\t\t<a class=\"\" href=\"\/en\/?page_id=485\">Mat\u00e9riel<\/a>\n\t\t\t\t\t\t\t\t\t<a class=\"active\" href=\"\/en\/?page_id=490\">Entreprise<\/a>\n\t\t\t\t\t\t\t<\/div>\n\t\t<\/div>\n\n\t\t<div class=\"row_all_actus\">\n\t\t\t\t\t\t\t<div class=\"row_actus_une\">\n\t\t\t\t\t\t\t\t\t\t\t\t\t\t\t\t\t\t\t\t\t\t\t\t\t\t\t\t\t\t\t\t\t\t\t\t\t\t\t\t\t\t\t\t\t\t\t\t\t\t\t\t\t\t\t\t\t\t\t\t\t\t\t\t\t\t\t\t\t\t\t\t\t\t\t\t\t\t\t\t\t\t\t\t\t\t\t\t\t\t\t\t\t\t\t\t\t\t\t\t\t\t\t\t\t\t\t\t<\/div>\n\t\t\t\n\t\t\t<div class=\"row_actus\">\n\t\t\t\t\t\t\t\t\t<div class=\"one_actu\">\n\t\t\t\t\t\t<div class=\"image\">\n\t\t\t\t\t\t\t<img decoding=\"async\" src=\"https:\/\/impact-even.com\/wp-content\/uploads\/2026\/03\/2026_03_11_vignette_INVITATION_HEAVENT_Meetings-scaled.jpg\" alt=\"\">\n\t\t\t\t\t\t<\/div>\n\t\t\t\t\t\t<div class=\"infos\">\n\t\t\t\t\t\t\t<div class=\"content-info\">\n\t\t\t\t\t\t\t\t\n\t\t\t\t\t\t\t\t<div class=\"postype-name\">Entreprise<\/div>\n\t\t\t\t\t\t\t\t<div class=\"title\">IMPACT \u00c9V\u00c9NEMENT vous invite aux Heavent Meetings 2026<\/div>\n\t\t\t\t\t\t\t<\/div>\n\t\t\t\t\t\t\t<div class=\"btn_more\">\n\t\t\t\t\t\t\t\t<a href=\"https:\/\/impact-even.com\/en\/entreprises\/impact-evenement-vous-invite-au-heavent-meetings-2026\/\">D\u00e9couvrir<\/a>\n\t\t\t\t\t\t\t<\/div>\n\t\t\t\t\t\t<\/div>\n\t\t\t\t\t\t<a class=\"stretched-link\" href=\"https:\/\/impact-even.com\/en\/entreprises\/impact-evenement-vous-invite-au-heavent-meetings-2026\/\"><\/a>\n\t\t\t\t\t<\/div>\n\t\t\t\t\t\t\t\t\t<div class=\"one_actu\">\n\t\t\t\t\t\t<div class=\"image\">\n\t\t\t\t\t\t\t<img decoding=\"async\" src=\"https:\/\/impact-even.com\/wp-content\/uploads\/2026\/02\/2026_02_19_vignette_certification_ISO_20121_02.jpg\" alt=\"\">\n\t\t\t\t\t\t<\/div>\n\t\t\t\t\t\t<div class=\"infos\">\n\t\t\t\t\t\t\t<div class=\"content-info\">\n\t\t\t\t\t\t\t\t\n\t\t\t\t\t\t\t\t<div class=\"postype-name\">Entreprise<\/div>\n\t\t\t\t\t\t\t\t<div class=\"title\">Certification ISO 20121<\/div>\n\t\t\t\t\t\t\t<\/div>\n\t\t\t\t\t\t\t<div class=\"btn_more\">\n\t\t\t\t\t\t\t\t<a href=\"https:\/\/impact-even.com\/en\/entreprises\/certification-iso-20121\/\">D\u00e9couvrir<\/a>\n\t\t\t\t\t\t\t<\/div>\n\t\t\t\t\t\t<\/div>\n\t\t\t\t\t\t<a class=\"stretched-link\" href=\"https:\/\/impact-even.com\/en\/entreprises\/certification-iso-20121\/\"><\/a>\n\t\t\t\t\t<\/div>\n\t\t\t\t\t\t\t\t\t<div class=\"one_actu\">\n\t\t\t\t\t\t<div class=\"image\">\n\t\t\t\t\t\t\t<img decoding=\"async\" src=\"https:\/\/impact-even.com\/wp-content\/uploads\/2025\/12\/Tout-le-monde-contre-le-cancer6_vignette.jpg\" alt=\"\">\n\t\t\t\t\t\t<\/div>\n\t\t\t\t\t\t<div class=\"infos\">\n\t\t\t\t\t\t\t<div class=\"content-info\">\n\t\t\t\t\t\t\t\t\n\t\t\t\t\t\t\t\t<div class=\"postype-name\">Entreprise<\/div>\n\t\t\t\t\t\t\t\t<div class=\"title\">Gala de No\u00ebl 2025<\/div>\n\t\t\t\t\t\t\t<\/div>\n\t\t\t\t\t\t\t<div class=\"btn_more\">\n\t\t\t\t\t\t\t\t<a href=\"https:\/\/impact-even.com\/en\/entreprises\/gala-de-noel-2025\/\">D\u00e9couvrir<\/a>\n\t\t\t\t\t\t\t<\/div>\n\t\t\t\t\t\t<\/div>\n\t\t\t\t\t\t<a class=\"stretched-link\" href=\"https:\/\/impact-even.com\/en\/entreprises\/gala-de-noel-2025\/\"><\/a>\n\t\t\t\t\t<\/div>\n\t\t\t\t\t\t\t\t\t<div class=\"one_actu\">\n\t\t\t\t\t\t<div class=\"image\">\n\t\t\t\t\t\t\t<img decoding=\"async\" src=\"https:\/\/impact-even.com\/wp-content\/uploads\/2023\/02\/vignette_impact_recrute_V02.jpg\" alt=\"\">\n\t\t\t\t\t\t<\/div>\n\t\t\t\t\t\t<div class=\"infos\">\n\t\t\t\t\t\t\t<div class=\"content-info\">\n\t\t\t\t\t\t\t\t\n\t\t\t\t\t\t\t\t<div class=\"postype-name\">Entreprise<\/div>\n\t\t\t\t\t\t\t\t<div class=\"title\">IMPACT \u00c9V\u00c9NEMENT, toujours \u00e0 l\u2019aff\u00fbt de nouveaux talents !<\/div>\n\t\t\t\t\t\t\t<\/div>\n\t\t\t\t\t\t\t<div class=\"btn_more\">\n\t\t\t\t\t\t\t\t<a href=\"https:\/\/impact-even.com\/en\/entreprises\/impact-recrute\/\">D\u00e9couvrir<\/a>\n\t\t\t\t\t\t\t<\/div>\n\t\t\t\t\t\t<\/div>\n\t\t\t\t\t\t<a class=\"stretched-link\" href=\"https:\/\/impact-even.com\/en\/entreprises\/impact-recrute\/\"><\/a>\n\t\t\t\t\t<\/div>\n\t\t\t\t\t\t\t\t\t<div class=\"one_actu\">\n\t\t\t\t\t\t<div class=\"image\">\n\t\t\t\t\t\t\t<img decoding=\"async\" src=\"https:\/\/impact-even.com\/wp-content\/uploads\/2025\/02\/couv_20250206_192202-1-scaled.jpg\" alt=\"\">\n\t\t\t\t\t\t<\/div>\n\t\t\t\t\t\t<div class=\"infos\">\n\t\t\t\t\t\t\t<div class=\"content-info\">\n\t\t\t\t\t\t\t\t\n\t\t\t\t\t\t\t\t<div class=\"postype-name\">Entreprise<\/div>\n\t\t\t\t\t\t\t\t<div class=\"title\">Retour en images sur le Micro Salon AFC<\/div>\n\t\t\t\t\t\t\t<\/div>\n\t\t\t\t\t\t\t<div class=\"btn_more\">\n\t\t\t\t\t\t\t\t<a href=\"https:\/\/impact-even.com\/en\/entreprises\/retour-en-images-micro-salon-afc-2025\/\">D\u00e9couvrir<\/a>\n\t\t\t\t\t\t\t<\/div>\n\t\t\t\t\t\t<\/div>\n\t\t\t\t\t\t<a class=\"stretched-link\" href=\"https:\/\/impact-even.com\/en\/entreprises\/retour-en-images-micro-salon-afc-2025\/\"><\/a>\n\t\t\t\t\t<\/div>\n\t\t\t\t\t\t\t\t\t<div class=\"one_actu\">\n\t\t\t\t\t\t<div class=\"image\">\n\t\t\t\t\t\t\t<img decoding=\"async\" src=\"https:\/\/impact-even.com\/wp-content\/uploads\/2023\/12\/01-impact-aux-jtse-2024-scaled.jpg\" alt=\"\">\n\t\t\t\t\t\t<\/div>\n\t\t\t\t\t\t<div class=\"infos\">\n\t\t\t\t\t\t\t<div class=\"content-info\">\n\t\t\t\t\t\t\t\t\n\t\t\t\t\t\t\t\t<div class=\"postype-name\">Entreprise<\/div>\n\t\t\t\t\t\t\t\t<div class=\"title\">Retour en images sur les JTSE 2024<\/div>\n\t\t\t\t\t\t\t<\/div>\n\t\t\t\t\t\t\t<div class=\"btn_more\">\n\t\t\t\t\t\t\t\t<a href=\"https:\/\/impact-even.com\/en\/entreprises\/retour-en-images-sur-les-jtse-2024\/\">D\u00e9couvrir<\/a>\n\t\t\t\t\t\t\t<\/div>\n\t\t\t\t\t\t<\/div>\n\t\t\t\t\t\t<a class=\"stretched-link\" href=\"https:\/\/impact-even.com\/en\/entreprises\/retour-en-images-sur-les-jtse-2024\/\"><\/a>\n\t\t\t\t\t<\/div>\n\t\t\t\t\t\t\t\t\t<div class=\"one_actu\">\n\t\t\t\t\t\t<div class=\"image\">\n\t\t\t\t\t\t\t<img decoding=\"async\" src=\"https:\/\/impact-even.com\/wp-content\/uploads\/2023\/08\/foodtruck-party-vignette-2023.jpg\" alt=\"\">\n\t\t\t\t\t\t<\/div>\n\t\t\t\t\t\t<div class=\"infos\">\n\t\t\t\t\t\t\t<div class=\"content-info\">\n\t\t\t\t\t\t\t\t\n\t\t\t\t\t\t\t\t<div class=\"postype-name\">Entreprise<\/div>\n\t\t\t\t\t\t\t\t<div class=\"title\">Food truck Party \u00e0 Longjumeau<\/div>\n\t\t\t\t\t\t\t<\/div>\n\t\t\t\t\t\t\t<div class=\"btn_more\">\n\t\t\t\t\t\t\t\t<a href=\"https:\/\/impact-even.com\/en\/entreprises\/food-truck-party\/\">D\u00e9couvrir<\/a>\n\t\t\t\t\t\t\t<\/div>\n\t\t\t\t\t\t<\/div>\n\t\t\t\t\t\t<a class=\"stretched-link\" href=\"https:\/\/impact-even.com\/en\/entreprises\/food-truck-party\/\"><\/a>\n\t\t\t\t\t<\/div>\n\t\t\t\t\t\t\t\t\t<div class=\"one_actu\">\n\t\t\t\t\t\t<div class=\"image\">\n\t\t\t\t\t\t\t<img decoding=\"async\" src=\"https:\/\/impact-even.com\/wp-content\/uploads\/2023\/04\/vignette_journees-techniques_avril-2023_02.jpg\" alt=\"\">\n\t\t\t\t\t\t<\/div>\n\t\t\t\t\t\t<div class=\"infos\">\n\t\t\t\t\t\t\t<div class=\"content-info\">\n\t\t\t\t\t\t\t\t\n\t\t\t\t\t\t\t\t<div class=\"postype-name\">Entreprise<\/div>\n\t\t\t\t\t\t\t\t<div class=\"title\">Retour en images sur les Journ\u00e9es techniques, \u00e9dition printemps 2023<\/div>\n\t\t\t\t\t\t\t<\/div>\n\t\t\t\t\t\t\t<div class=\"btn_more\">\n\t\t\t\t\t\t\t\t<a href=\"https:\/\/impact-even.com\/en\/entreprises\/%f0%9d%97%a5%f0%9d%97%b2%f0%9d%98%81%f0%9d%97%bc%f0%9d%98%82%f0%9d%97%bf-%f0%9d%97%b2%f0%9d%97%bb-%f0%9d%97%b6%f0%9d%97%ba%f0%9d%97%ae%f0%9d%97%b4%f0%9d%97%b2%f0%9d%98%80-journees-techniques-impact\/\">D\u00e9couvrir<\/a>\n\t\t\t\t\t\t\t<\/div>\n\t\t\t\t\t\t<\/div>\n\t\t\t\t\t\t<a class=\"stretched-link\" href=\"https:\/\/impact-even.com\/en\/entreprises\/%f0%9d%97%a5%f0%9d%97%b2%f0%9d%98%81%f0%9d%97%bc%f0%9d%98%82%f0%9d%97%bf-%f0%9d%97%b2%f0%9d%97%bb-%f0%9d%97%b6%f0%9d%97%ba%f0%9d%97%ae%f0%9d%97%b4%f0%9d%97%b2%f0%9d%98%80-journees-techniques-impact\/\"><\/a>\n\t\t\t\t\t<\/div>\n\t\t\t\t\t\t\t\t\t<div class=\"one_actu\">\n\t\t\t\t\t\t<div class=\"image\">\n\t\t\t\t\t\t\t<img decoding=\"async\" src=\"https:\/\/impact-even.com\/wp-content\/uploads\/2023\/03\/vignette_CQLP_2023_partenaire.jpg\" alt=\"\">\n\t\t\t\t\t\t<\/div>\n\t\t\t\t\t\t<div class=\"infos\">\n\t\t\t\t\t\t\t<div class=\"content-info\">\n\t\t\t\t\t\t\t\t\n\t\t\t\t\t\t\t\t<div class=\"postype-name\">Entreprise<\/div>\n\t\t\t\t\t\t\t\t<div class=\"title\">IMPACT EVENEMENT partenaire de la 6eme \u00e9dition du CQLP<\/div>\n\t\t\t\t\t\t\t<\/div>\n\t\t\t\t\t\t\t<div class=\"btn_more\">\n\t\t\t\t\t\t\t\t<a href=\"https:\/\/impact-even.com\/en\/entreprises\/impact-evenement-partenaire-des-cqlp-2023\/\">D\u00e9couvrir<\/a>\n\t\t\t\t\t\t\t<\/div>\n\t\t\t\t\t\t<\/div>\n\t\t\t\t\t\t<a class=\"stretched-link\" href=\"https:\/\/impact-even.com\/en\/entreprises\/impact-evenement-partenaire-des-cqlp-2023\/\"><\/a>\n\t\t\t\t\t<\/div>\n\t\t\t\t\n\t\t\t<\/div>\n\t\t\t<div class=\"pagination\">\n\n\t\t\t\t\t\t\t<\/div>\n\n\t\t<\/div>\n\n\t<\/div>\n\n\n<\/div><\/div><\/div><\/div><div class=\"vc_row-full-width vc_clearfix\"><\/div>\n<\/div>","protected":false},"excerpt":{"rendered":"L'entreprise Toutes les actualit\u00e9s R\u00e9alisations Mat\u00e9riel Entreprise Entreprise IMPACT \u00c9V\u00c9NEMENT vous invite aux Heavent Meetings 2026 D\u00e9couvrir Entreprise Certification ISO 20121 D\u00e9couvrir Entreprise Gala de No\u00ebl 2025 D\u00e9couvrir Entreprise IMPACT \u00c9V\u00c9NEMENT, toujours \u00e0 l\u2019aff\u00fbt de nouveaux talents ! D\u00e9couvrir Entreprise Retour en images sur le Micro Salon AFC D\u00e9couvrir Entreprise Retour en images sur les","protected":false},"author":2,"featured_media":0,"parent":153,"menu_order":0,"comment_status":"closed","ping_status":"closed","template":"","meta":{"_acf_changed":false,"rs_blank_template":"","rs_page_bg_color":"","slide_template_v7":"","inline_featured_image":false,"footnotes":""},"class_list":["post-490","page","type-page","status-publish","hentry"],"acf":[],"yoast_head":"<!-- This site is optimized with the Yoast SEO plugin v27.5 - https:\/\/yoast.com\/product\/yoast-seo-wordpress\/ -->\n<title>Entreprise - Impact \u00c9v\u00e9nement<\/title>\n<meta name=\"robots\" content=\"index, follow, max-snippet:-1, max-image-preview:large, max-video-preview:-1\" \/>\n<link rel=\"canonical\" href=\"https:\/\/impact-even.com\/en\/actualites\/entreprise\/\" \/>\n<meta property=\"og:locale\" content=\"en_GB\" \/>\n<meta property=\"og:type\" content=\"article\" \/>\n<meta property=\"og:title\" content=\"Entreprise - Impact \u00c9v\u00e9nement\" \/>\n<meta property=\"og:url\" content=\"https:\/\/impact-even.com\/en\/actualites\/entreprise\/\" \/>\n<meta property=\"og:site_name\" content=\"Impact \u00c9v\u00e9nement\" \/>\n<meta property=\"article:modified_time\" content=\"2022-03-09T09:42:36+00:00\" \/>\n<meta name=\"twitter:label1\" content=\"Estimated reading time\" \/>\n\t<meta name=\"twitter:data1\" content=\"1 minute\" \/>\n<script type=\"application\/ld+json\" class=\"yoast-schema-graph\">{\"@context\":\"https:\\\/\\\/schema.org\",\"@graph\":[{\"@type\":\"WebPage\",\"@id\":\"https:\\\/\\\/impact-even.com\\\/actualites\\\/entreprise\\\/\",\"url\":\"https:\\\/\\\/impact-even.com\\\/actualites\\\/entreprise\\\/\",\"name\":\"Entreprise - Impact \u00c9v\u00e9nement\",\"isPartOf\":{\"@id\":\"https:\\\/\\\/impact-even.com\\\/#website\"},\"datePublished\":\"2022-01-10T16:13:07+00:00\",\"dateModified\":\"2022-03-09T09:42:36+00:00\",\"breadcrumb\":{\"@id\":\"https:\\\/\\\/impact-even.com\\\/actualites\\\/entreprise\\\/#breadcrumb\"},\"inLanguage\":\"en-GB\",\"potentialAction\":[{\"@type\":\"ReadAction\",\"target\":[\"https:\\\/\\\/impact-even.com\\\/actualites\\\/entreprise\\\/\"]}]},{\"@type\":\"BreadcrumbList\",\"@id\":\"https:\\\/\\\/impact-even.com\\\/actualites\\\/entreprise\\\/#breadcrumb\",\"itemListElement\":[{\"@type\":\"ListItem\",\"position\":1,\"name\":\"Accueil\",\"item\":\"https:\\\/\\\/impact-even.com\\\/\"},{\"@type\":\"ListItem\",\"position\":2,\"name\":\"Les actualit\u00e9s\",\"item\":\"https:\\\/\\\/impact-even.com\\\/actualites\\\/\"},{\"@type\":\"ListItem\",\"position\":3,\"name\":\"Entreprise\"}]},{\"@type\":\"WebSite\",\"@id\":\"https:\\\/\\\/impact-even.com\\\/#website\",\"url\":\"https:\\\/\\\/impact-even.com\\\/\",\"name\":\"Impact \u00c9v\u00e9nement\",\"description\":\"Prestataire technique audiovisuel\",\"potentialAction\":[{\"@type\":\"SearchAction\",\"target\":{\"@type\":\"EntryPoint\",\"urlTemplate\":\"https:\\\/\\\/impact-even.com\\\/?s={search_term_string}\"},\"query-input\":{\"@type\":\"PropertyValueSpecification\",\"valueRequired\":true,\"valueName\":\"search_term_string\"}}],\"inLanguage\":\"en-GB\"}]}<\/script>\n<!-- \/ Yoast SEO plugin. -->","yoast_head_json":{"title":"Entreprise - Impact \u00c9v\u00e9nement","robots":{"index":"index","follow":"follow","max-snippet":"max-snippet:-1","max-image-preview":"max-image-preview:large","max-video-preview":"max-video-preview:-1"},"canonical":"https:\/\/impact-even.com\/en\/actualites\/entreprise\/","og_locale":"en_GB","og_type":"article","og_title":"Entreprise - Impact \u00c9v\u00e9nement","og_url":"https:\/\/impact-even.com\/en\/actualites\/entreprise\/","og_site_name":"Impact \u00c9v\u00e9nement","article_modified_time":"2022-03-09T09:42:36+00:00","twitter_misc":{"Estimated reading time":"1 minute"},"schema":{"@context":"https:\/\/schema.org","@graph":[{"@type":"WebPage","@id":"https:\/\/impact-even.com\/actualites\/entreprise\/","url":"https:\/\/impact-even.com\/actualites\/entreprise\/","name":"Entreprise - Impact \u00c9v\u00e9nement","isPartOf":{"@id":"https:\/\/impact-even.com\/#website"},"datePublished":"2022-01-10T16:13:07+00:00","dateModified":"2022-03-09T09:42:36+00:00","breadcrumb":{"@id":"https:\/\/impact-even.com\/actualites\/entreprise\/#breadcrumb"},"inLanguage":"en-GB","potentialAction":[{"@type":"ReadAction","target":["https:\/\/impact-even.com\/actualites\/entreprise\/"]}]},{"@type":"BreadcrumbList","@id":"https:\/\/impact-even.com\/actualites\/entreprise\/#breadcrumb","itemListElement":[{"@type":"ListItem","position":1,"name":"Accueil","item":"https:\/\/impact-even.com\/"},{"@type":"ListItem","position":2,"name":"Les actualit\u00e9s","item":"https:\/\/impact-even.com\/actualites\/"},{"@type":"ListItem","position":3,"name":"Entreprise"}]},{"@type":"WebSite","@id":"https:\/\/impact-even.com\/#website","url":"https:\/\/impact-even.com\/","name":"Impact \u00c9v\u00e9nement","description":"Prestataire technique audiovisuel","potentialAction":[{"@type":"SearchAction","target":{"@type":"EntryPoint","urlTemplate":"https:\/\/impact-even.com\/?s={search_term_string}"},"query-input":{"@type":"PropertyValueSpecification","valueRequired":true,"valueName":"search_term_string"}}],"inLanguage":"en-GB"}]}},"_links":{"self":[{"href":"https:\/\/impact-even.com\/en\/wp-json\/wp\/v2\/pages\/490","targetHints":{"allow":["GET"]}}],"collection":[{"href":"https:\/\/impact-even.com\/en\/wp-json\/wp\/v2\/pages"}],"about":[{"href":"https:\/\/impact-even.com\/en\/wp-json\/wp\/v2\/types\/page"}],"author":[{"embeddable":true,"href":"https:\/\/impact-even.com\/en\/wp-json\/wp\/v2\/users\/2"}],"replies":[{"embeddable":true,"href":"https:\/\/impact-even.com\/en\/wp-json\/wp\/v2\/comments?post=490"}],"version-history":[{"count":15,"href":"https:\/\/impact-even.com\/en\/wp-json\/wp\/v2\/pages\/490\/revisions"}],"predecessor-version":[{"id":6095,"href":"https:\/\/impact-even.com\/en\/wp-json\/wp\/v2\/pages\/490\/revisions\/6095"}],"up":[{"embeddable":true,"href":"https:\/\/impact-even.com\/en\/wp-json\/wp\/v2\/pages\/153"}],"wp:attachment":[{"href":"https:\/\/impact-even.com\/en\/wp-json\/wp\/v2\/media?parent=490"}],"curies":[{"name":"wp","href":"https:\/\/api.w.org\/{rel}","templated":true}]}}