{"id":485,"date":"2022-01-10T17:10:58","date_gmt":"2022-01-10T16:10:58","guid":{"rendered":"https:\/\/impact-even.com\/?page_id=485"},"modified":"2022-03-09T10:41:48","modified_gmt":"2022-03-09T09:41:48","slug":"materiel","status":"publish","type":"page","link":"https:\/\/impact-even.com\/en\/actualites\/materiel\/","title":{"rendered":"Mat\u00e9riel"},"content":{"rendered":"<div class=\"wpb-content-wrapper\"><div data-vc-full-width=\"true\" data-vc-full-width-temp=\"true\" data-vc-full-width-init=\"false\" data-vc-stretch-content=\"true\" class=\"vc_row wpb_row vc_row-fluid vc_row-no-padding\"><div class=\"wpb_column vc_column_container vc_col-sm-12\"><div class=\"vc_column-inner\"><div class=\"wpb_wrapper\">\n\t<div class='bloc-actualites'>\n\n\t\t<div  class=\"filters-actualites\">\n\t\t\t<h1>Le mat\u00e9riel<\/h1>\n\t\t\t<div class=\"postypes-filters\">\n\t\t\t\t\t\t\t\t\t<a class=\"\" href=\"\/en\/?page_id=153\">Toutes les actualit\u00e9s<\/a>\n\t\t\t\t\t\t\t\t\t<a class=\"\" href=\"\/en\/?page_id=445\">R\u00e9alisations<\/a>\n\t\t\t\t\t\t\t\t\t<a class=\"active\" href=\"\/en\/?page_id=485\">Mat\u00e9riel<\/a>\n\t\t\t\t\t\t\t\t\t<a class=\"\" href=\"\/en\/?page_id=490\">Entreprise<\/a>\n\t\t\t\t\t\t\t<\/div>\n\t\t<\/div>\n\n\t\t<div class=\"row_all_actus\">\n\t\t\t\n\t\t\t<div class=\"row_actus\">\n\t\t\t\t\t\t\t\t\t<div class=\"one_actu\">\n\t\t\t\t\t\t<div class=\"image\">\n\t\t\t\t\t\t\t<img decoding=\"async\" src=\"https:\/\/impact-even.com\/wp-content\/uploads\/2025\/12\/actu_naostage_ksysteme_1-scaled.png\" alt=\"\">\n\t\t\t\t\t\t<\/div>\n\t\t\t\t\t\t<div class=\"infos\">\n\t\t\t\t\t\t\t<div class=\"content-info\">\n\t\t\t\t\t\t\t\t\n\t\t\t\t\t\t\t\t<div class=\"postype-name\">Mat\u00e9riel<\/div>\n\t\t\t\t\t\t\t\t<div class=\"title\">Certification K SYSTEM naostage<\/div>\n\t\t\t\t\t\t\t<\/div>\n\t\t\t\t\t\t\t<div class=\"btn_more\">\n\t\t\t\t\t\t\t\t<a href=\"https:\/\/impact-even.com\/en\/materiels\/certification-k-system-naostage\/\">D\u00e9couvrir<\/a>\n\t\t\t\t\t\t\t<\/div>\n\t\t\t\t\t\t<\/div>\n\t\t\t\t\t\t<a class=\"stretched-link\" href=\"https:\/\/impact-even.com\/en\/materiels\/certification-k-system-naostage\/\"><\/a>\n\t\t\t\t\t<\/div>\n\t\t\t\t\t\t\t\t\t<div class=\"one_actu\">\n\t\t\t\t\t\t<div class=\"image\">\n\t\t\t\t\t\t\t<img decoding=\"async\" src=\"https:\/\/impact-even.com\/wp-content\/uploads\/2015\/03\/luminex_gigacore20t_actu8.jpg\" alt=\"\">\n\t\t\t\t\t\t<\/div>\n\t\t\t\t\t\t<div class=\"infos\">\n\t\t\t\t\t\t\t<div class=\"content-info\">\n\t\t\t\t\t\t\t\t\n\t\t\t\t\t\t\t\t<div class=\"postype-name\">Mat\u00e9riel<\/div>\n\t\t\t\t\t\t\t\t<div class=\"title\">Nouveaux switches Luminex GigaCore 20t<\/div>\n\t\t\t\t\t\t\t<\/div>\n\t\t\t\t\t\t\t<div class=\"btn_more\">\n\t\t\t\t\t\t\t\t<a href=\"https:\/\/impact-even.com\/en\/materiels\/switches-luminex-gigacore-20t\/\">D\u00e9couvrir<\/a>\n\t\t\t\t\t\t\t<\/div>\n\t\t\t\t\t\t<\/div>\n\t\t\t\t\t\t<a class=\"stretched-link\" href=\"https:\/\/impact-even.com\/en\/materiels\/switches-luminex-gigacore-20t\/\"><\/a>\n\t\t\t\t\t<\/div>\n\t\t\t\t\t\t\t\t\t<div class=\"one_actu\">\n\t\t\t\t\t\t<div class=\"image\">\n\t\t\t\t\t\t\t<img decoding=\"async\" src=\"https:\/\/impact-even.com\/wp-content\/uploads\/2005\/02\/shure_axientdigitalpsm_actu3.jpg\" alt=\"\">\n\t\t\t\t\t\t<\/div>\n\t\t\t\t\t\t<div class=\"infos\">\n\t\t\t\t\t\t\t<div class=\"content-info\">\n\t\t\t\t\t\t\t\t\n\t\t\t\t\t\t\t\t<div class=\"postype-name\">Mat\u00e9riel<\/div>\n\t\t\t\t\t\t\t\t<div class=\"title\">Nouvelles liaisons in-ears Shure AD-PSM<\/div>\n\t\t\t\t\t\t\t<\/div>\n\t\t\t\t\t\t\t<div class=\"btn_more\">\n\t\t\t\t\t\t\t\t<a href=\"https:\/\/impact-even.com\/en\/materiels\/nouvelles-liaisons-in-ears-shure-ad-psm\/\">D\u00e9couvrir<\/a>\n\t\t\t\t\t\t\t<\/div>\n\t\t\t\t\t\t<\/div>\n\t\t\t\t\t\t<a class=\"stretched-link\" href=\"https:\/\/impact-even.com\/en\/materiels\/nouvelles-liaisons-in-ears-shure-ad-psm\/\"><\/a>\n\t\t\t\t\t<\/div>\n\t\t\t\t\t\t\t\t\t<div class=\"one_actu\">\n\t\t\t\t\t\t<div class=\"image\">\n\t\t\t\t\t\t\t<img decoding=\"async\" src=\"https:\/\/impact-even.com\/wp-content\/uploads\/2024\/04\/sixty82_supportecranled6x4_2vignette.jpg\" alt=\"\">\n\t\t\t\t\t\t<\/div>\n\t\t\t\t\t\t<div class=\"infos\">\n\t\t\t\t\t\t\t<div class=\"content-info\">\n\t\t\t\t\t\t\t\t\n\t\t\t\t\t\t\t\t<div class=\"postype-name\">Mat\u00e9riel<\/div>\n\t\t\t\t\t\t\t\t<div class=\"title\">Support pour \u00e9cran LED<\/div>\n\t\t\t\t\t\t\t<\/div>\n\t\t\t\t\t\t\t<div class=\"btn_more\">\n\t\t\t\t\t\t\t\t<a href=\"https:\/\/impact-even.com\/en\/materiels\/support-pour-ecran-led-6m-x-4m\/\">D\u00e9couvrir<\/a>\n\t\t\t\t\t\t\t<\/div>\n\t\t\t\t\t\t<\/div>\n\t\t\t\t\t\t<a class=\"stretched-link\" href=\"https:\/\/impact-even.com\/en\/materiels\/support-pour-ecran-led-6m-x-4m\/\"><\/a>\n\t\t\t\t\t<\/div>\n\t\t\t\t\t\t\t\t\t<div class=\"one_actu\">\n\t\t\t\t\t\t<div class=\"image\">\n\t\t\t\t\t\t\t<img decoding=\"async\" src=\"https:\/\/impact-even.com\/wp-content\/uploads\/2024\/03\/gamme-dLive-AllenHeath-6-scaled.jpg\" alt=\"\">\n\t\t\t\t\t\t<\/div>\n\t\t\t\t\t\t<div class=\"infos\">\n\t\t\t\t\t\t\t<div class=\"content-info\">\n\t\t\t\t\t\t\t\t\n\t\t\t\t\t\t\t\t<div class=\"postype-name\">Mat\u00e9riel<\/div>\n\t\t\t\t\t\t\t\t<div class=\"title\">Nouvelles r\u00e9gies dLive Allen&#038;Heath<\/div>\n\t\t\t\t\t\t\t<\/div>\n\t\t\t\t\t\t\t<div class=\"btn_more\">\n\t\t\t\t\t\t\t\t<a href=\"https:\/\/impact-even.com\/en\/materiels\/nouvelles-regies-dlive-allen-heath\/\">D\u00e9couvrir<\/a>\n\t\t\t\t\t\t\t<\/div>\n\t\t\t\t\t\t<\/div>\n\t\t\t\t\t\t<a class=\"stretched-link\" href=\"https:\/\/impact-even.com\/en\/materiels\/nouvelles-regies-dlive-allen-heath\/\"><\/a>\n\t\t\t\t\t<\/div>\n\t\t\t\t\t\t\t\t\t<div class=\"one_actu\">\n\t\t\t\t\t\t<div class=\"image\">\n\t\t\t\t\t\t\t<img decoding=\"async\" src=\"https:\/\/impact-even.com\/wp-content\/uploads\/2024\/03\/indice_de_protection_IP.jpg\" alt=\"\">\n\t\t\t\t\t\t<\/div>\n\t\t\t\t\t\t<div class=\"infos\">\n\t\t\t\t\t\t\t<div class=\"content-info\">\n\t\t\t\t\t\t\t\t\n\t\t\t\t\t\t\t\t<div class=\"postype-name\">Mat\u00e9riel<\/div>\n\t\t\t\t\t\t\t\t<div class=\"title\">L&rsquo;Indice de Protection (IP)<\/div>\n\t\t\t\t\t\t\t<\/div>\n\t\t\t\t\t\t\t<div class=\"btn_more\">\n\t\t\t\t\t\t\t\t<a href=\"https:\/\/impact-even.com\/en\/materiels\/lindice-de-protection-ip\/\">D\u00e9couvrir<\/a>\n\t\t\t\t\t\t\t<\/div>\n\t\t\t\t\t\t<\/div>\n\t\t\t\t\t\t<a class=\"stretched-link\" href=\"https:\/\/impact-even.com\/en\/materiels\/lindice-de-protection-ip\/\"><\/a>\n\t\t\t\t\t<\/div>\n\t\t\t\t\t\t\t\t\t<div class=\"one_actu\">\n\t\t\t\t\t\t<div class=\"image\">\n\t\t\t\t\t\t\t<img decoding=\"async\" src=\"https:\/\/impact-even.com\/wp-content\/uploads\/2023\/06\/Impact_fait_le_plein_energie_2-scaled.jpg\" alt=\"\">\n\t\t\t\t\t\t<\/div>\n\t\t\t\t\t\t<div class=\"infos\">\n\t\t\t\t\t\t\t<div class=\"content-info\">\n\t\t\t\t\t\t\t\t\n\t\t\t\t\t\t\t\t<div class=\"postype-name\">Mat\u00e9riel<\/div>\n\t\t\t\t\t\t\t\t<div class=\"title\">Impact fait le plein d&rsquo;\u00e9nergie<\/div>\n\t\t\t\t\t\t\t<\/div>\n\t\t\t\t\t\t\t<div class=\"btn_more\">\n\t\t\t\t\t\t\t\t<a href=\"https:\/\/impact-even.com\/en\/materiels\/impact-fait-le-plein-denergie\/\">D\u00e9couvrir<\/a>\n\t\t\t\t\t\t\t<\/div>\n\t\t\t\t\t\t<\/div>\n\t\t\t\t\t\t<a class=\"stretched-link\" href=\"https:\/\/impact-even.com\/en\/materiels\/impact-fait-le-plein-denergie\/\"><\/a>\n\t\t\t\t\t<\/div>\n\t\t\t\t\t\t\t\t\t<div class=\"one_actu\">\n\t\t\t\t\t\t<div class=\"image\">\n\t\t\t\t\t\t\t<img decoding=\"async\" src=\"https:\/\/impact-even.com\/wp-content\/uploads\/2023\/07\/slide-absen-unilumin-ecrans-led_04.jpg\" alt=\"\">\n\t\t\t\t\t\t<\/div>\n\t\t\t\t\t\t<div class=\"infos\">\n\t\t\t\t\t\t\t<div class=\"content-info\">\n\t\t\t\t\t\t\t\t\n\t\t\t\t\t\t\t\t<div class=\"postype-name\">Mat\u00e9riel<\/div>\n\t\t\t\t\t\t\t\t<div class=\"title\">Impact renforce son parc d&rsquo;\u00e9crans LED<\/div>\n\t\t\t\t\t\t\t<\/div>\n\t\t\t\t\t\t\t<div class=\"btn_more\">\n\t\t\t\t\t\t\t\t<a href=\"https:\/\/impact-even.com\/en\/materiels\/impact-renforce-son-parc-decrans-led\/\">D\u00e9couvrir<\/a>\n\t\t\t\t\t\t\t<\/div>\n\t\t\t\t\t\t<\/div>\n\t\t\t\t\t\t<a class=\"stretched-link\" href=\"https:\/\/impact-even.com\/en\/materiels\/impact-renforce-son-parc-decrans-led\/\"><\/a>\n\t\t\t\t\t<\/div>\n\t\t\t\t\t\t\t\t\t<div class=\"one_actu\">\n\t\t\t\t\t\t<div class=\"image\">\n\t\t\t\t\t\t\t<img decoding=\"async\" src=\"https:\/\/impact-even.com\/wp-content\/uploads\/2023\/06\/astera_plutofresnel_vignette.jpg\" alt=\"\">\n\t\t\t\t\t\t<\/div>\n\t\t\t\t\t\t<div class=\"infos\">\n\t\t\t\t\t\t\t<div class=\"content-info\">\n\t\t\t\t\t\t\t\t\n\t\t\t\t\t\t\t\t<div class=\"postype-name\">Mat\u00e9riel<\/div>\n\t\t\t\t\t\t\t\t<div class=\"title\">PlutoFresnel d&rsquo;Astera, le Fresnel sans limites<\/div>\n\t\t\t\t\t\t\t<\/div>\n\t\t\t\t\t\t\t<div class=\"btn_more\">\n\t\t\t\t\t\t\t\t<a href=\"https:\/\/impact-even.com\/en\/materiels\/plutofresnel-dastera-le-fresnel-sans-limites\/\">D\u00e9couvrir<\/a>\n\t\t\t\t\t\t\t<\/div>\n\t\t\t\t\t\t<\/div>\n\t\t\t\t\t\t<a class=\"stretched-link\" href=\"https:\/\/impact-even.com\/en\/materiels\/plutofresnel-dastera-le-fresnel-sans-limites\/\"><\/a>\n\t\t\t\t\t<\/div>\n\t\t\t\t\n\t\t\t<\/div>\n\t\t\t<div class=\"pagination\">\n\n\t\t\t\t<span aria-current=\"page\" class=\"page-numbers current\">1<\/span>\n<a class=\"page-numbers\" href=\"https:\/\/impact-even.com\/en\/wp-json\/wp\/v2\/pages\/485\/page\/2\/\">2<\/a>\n<a class=\"next page-numbers\" href=\"https:\/\/impact-even.com\/en\/wp-json\/wp\/v2\/pages\/485\/page\/2\/\"><i class=\"fal fa-angle-right\"><\/i><\/a>\t\t\t<\/div>\n\n\t\t<\/div>\n\n\t<\/div>\n\n\n<\/div><\/div><\/div><\/div><div class=\"vc_row-full-width vc_clearfix\"><\/div>\n<\/div>","protected":false},"excerpt":{"rendered":"Le mat\u00e9riel Toutes les actualit\u00e9s R\u00e9alisations Mat\u00e9riel Entreprise Mat\u00e9riel Certification K SYSTEM naostage D\u00e9couvrir Mat\u00e9riel Nouveaux switches Luminex GigaCore 20t D\u00e9couvrir Mat\u00e9riel Nouvelles liaisons in-ears Shure AD-PSM D\u00e9couvrir Mat\u00e9riel Support pour \u00e9cran LED D\u00e9couvrir Mat\u00e9riel Nouvelles r\u00e9gies dLive Allen&#038;Heath D\u00e9couvrir Mat\u00e9riel L&rsquo;Indice de Protection (IP) D\u00e9couvrir Mat\u00e9riel Impact fait le plein d&rsquo;\u00e9nergie D\u00e9couvrir Mat\u00e9riel Impact","protected":false},"author":2,"featured_media":0,"parent":153,"menu_order":0,"comment_status":"closed","ping_status":"closed","template":"","meta":{"_acf_changed":false,"rs_blank_template":"","rs_page_bg_color":"","slide_template_v7":"","inline_featured_image":false,"footnotes":""},"class_list":["post-485","page","type-page","status-publish","hentry"],"acf":[],"yoast_head":"<!-- This site is optimized with the Yoast SEO plugin v27.5 - https:\/\/yoast.com\/product\/yoast-seo-wordpress\/ -->\n<title>Mat\u00e9riel - Impact \u00c9v\u00e9nement<\/title>\n<meta name=\"robots\" content=\"index, follow, max-snippet:-1, max-image-preview:large, max-video-preview:-1\" \/>\n<link rel=\"canonical\" href=\"https:\/\/impact-even.com\/en\/actualites\/materiel\/\" \/>\n<meta property=\"og:locale\" content=\"en_GB\" \/>\n<meta property=\"og:type\" content=\"article\" \/>\n<meta property=\"og:title\" content=\"Mat\u00e9riel - Impact \u00c9v\u00e9nement\" \/>\n<meta property=\"og:url\" content=\"https:\/\/impact-even.com\/en\/actualites\/materiel\/\" \/>\n<meta property=\"og:site_name\" content=\"Impact \u00c9v\u00e9nement\" \/>\n<meta property=\"article:modified_time\" content=\"2022-03-09T09:41:48+00:00\" \/>\n<meta name=\"twitter:label1\" content=\"Estimated reading time\" \/>\n\t<meta name=\"twitter:data1\" content=\"1 minute\" \/>\n<script type=\"application\/ld+json\" class=\"yoast-schema-graph\">{\"@context\":\"https:\\\/\\\/schema.org\",\"@graph\":[{\"@type\":\"WebPage\",\"@id\":\"https:\\\/\\\/impact-even.com\\\/actualites\\\/materiel\\\/\",\"url\":\"https:\\\/\\\/impact-even.com\\\/actualites\\\/materiel\\\/\",\"name\":\"Mat\u00e9riel - Impact \u00c9v\u00e9nement\",\"isPartOf\":{\"@id\":\"https:\\\/\\\/impact-even.com\\\/#website\"},\"datePublished\":\"2022-01-10T16:10:58+00:00\",\"dateModified\":\"2022-03-09T09:41:48+00:00\",\"breadcrumb\":{\"@id\":\"https:\\\/\\\/impact-even.com\\\/actualites\\\/materiel\\\/#breadcrumb\"},\"inLanguage\":\"en-GB\",\"potentialAction\":[{\"@type\":\"ReadAction\",\"target\":[\"https:\\\/\\\/impact-even.com\\\/actualites\\\/materiel\\\/\"]}]},{\"@type\":\"BreadcrumbList\",\"@id\":\"https:\\\/\\\/impact-even.com\\\/actualites\\\/materiel\\\/#breadcrumb\",\"itemListElement\":[{\"@type\":\"ListItem\",\"position\":1,\"name\":\"Accueil\",\"item\":\"https:\\\/\\\/impact-even.com\\\/\"},{\"@type\":\"ListItem\",\"position\":2,\"name\":\"Les actualit\u00e9s\",\"item\":\"https:\\\/\\\/impact-even.com\\\/actualites\\\/\"},{\"@type\":\"ListItem\",\"position\":3,\"name\":\"Mat\u00e9riel\"}]},{\"@type\":\"WebSite\",\"@id\":\"https:\\\/\\\/impact-even.com\\\/#website\",\"url\":\"https:\\\/\\\/impact-even.com\\\/\",\"name\":\"Impact \u00c9v\u00e9nement\",\"description\":\"Prestataire technique audiovisuel\",\"potentialAction\":[{\"@type\":\"SearchAction\",\"target\":{\"@type\":\"EntryPoint\",\"urlTemplate\":\"https:\\\/\\\/impact-even.com\\\/?s={search_term_string}\"},\"query-input\":{\"@type\":\"PropertyValueSpecification\",\"valueRequired\":true,\"valueName\":\"search_term_string\"}}],\"inLanguage\":\"en-GB\"}]}<\/script>\n<!-- \/ Yoast SEO plugin. -->","yoast_head_json":{"title":"Mat\u00e9riel - Impact \u00c9v\u00e9nement","robots":{"index":"index","follow":"follow","max-snippet":"max-snippet:-1","max-image-preview":"max-image-preview:large","max-video-preview":"max-video-preview:-1"},"canonical":"https:\/\/impact-even.com\/en\/actualites\/materiel\/","og_locale":"en_GB","og_type":"article","og_title":"Mat\u00e9riel - Impact \u00c9v\u00e9nement","og_url":"https:\/\/impact-even.com\/en\/actualites\/materiel\/","og_site_name":"Impact \u00c9v\u00e9nement","article_modified_time":"2022-03-09T09:41:48+00:00","twitter_misc":{"Estimated reading time":"1 minute"},"schema":{"@context":"https:\/\/schema.org","@graph":[{"@type":"WebPage","@id":"https:\/\/impact-even.com\/actualites\/materiel\/","url":"https:\/\/impact-even.com\/actualites\/materiel\/","name":"Mat\u00e9riel - Impact \u00c9v\u00e9nement","isPartOf":{"@id":"https:\/\/impact-even.com\/#website"},"datePublished":"2022-01-10T16:10:58+00:00","dateModified":"2022-03-09T09:41:48+00:00","breadcrumb":{"@id":"https:\/\/impact-even.com\/actualites\/materiel\/#breadcrumb"},"inLanguage":"en-GB","potentialAction":[{"@type":"ReadAction","target":["https:\/\/impact-even.com\/actualites\/materiel\/"]}]},{"@type":"BreadcrumbList","@id":"https:\/\/impact-even.com\/actualites\/materiel\/#breadcrumb","itemListElement":[{"@type":"ListItem","position":1,"name":"Accueil","item":"https:\/\/impact-even.com\/"},{"@type":"ListItem","position":2,"name":"Les actualit\u00e9s","item":"https:\/\/impact-even.com\/actualites\/"},{"@type":"ListItem","position":3,"name":"Mat\u00e9riel"}]},{"@type":"WebSite","@id":"https:\/\/impact-even.com\/#website","url":"https:\/\/impact-even.com\/","name":"Impact \u00c9v\u00e9nement","description":"Prestataire technique audiovisuel","potentialAction":[{"@type":"SearchAction","target":{"@type":"EntryPoint","urlTemplate":"https:\/\/impact-even.com\/?s={search_term_string}"},"query-input":{"@type":"PropertyValueSpecification","valueRequired":true,"valueName":"search_term_string"}}],"inLanguage":"en-GB"}]}},"_links":{"self":[{"href":"https:\/\/impact-even.com\/en\/wp-json\/wp\/v2\/pages\/485","targetHints":{"allow":["GET"]}}],"collection":[{"href":"https:\/\/impact-even.com\/en\/wp-json\/wp\/v2\/pages"}],"about":[{"href":"https:\/\/impact-even.com\/en\/wp-json\/wp\/v2\/types\/page"}],"author":[{"embeddable":true,"href":"https:\/\/impact-even.com\/en\/wp-json\/wp\/v2\/users\/2"}],"replies":[{"embeddable":true,"href":"https:\/\/impact-even.com\/en\/wp-json\/wp\/v2\/comments?post=485"}],"version-history":[{"count":13,"href":"https:\/\/impact-even.com\/en\/wp-json\/wp\/v2\/pages\/485\/revisions"}],"predecessor-version":[{"id":6094,"href":"https:\/\/impact-even.com\/en\/wp-json\/wp\/v2\/pages\/485\/revisions\/6094"}],"up":[{"embeddable":true,"href":"https:\/\/impact-even.com\/en\/wp-json\/wp\/v2\/pages\/153"}],"wp:attachment":[{"href":"https:\/\/impact-even.com\/en\/wp-json\/wp\/v2\/media?parent=485"}],"curies":[{"name":"wp","href":"https:\/\/api.w.org\/{rel}","templated":true}]}}