{"id":469,"date":"2021-12-28T14:48:50","date_gmt":"2021-12-28T13:48:50","guid":{"rendered":"https:\/\/impact-even.com\/?page_id=469"},"modified":"2022-02-14T14:25:45","modified_gmt":"2022-02-14T13:25:45","slug":"plan-du-site","status":"publish","type":"page","link":"https:\/\/impact-even.com\/en\/plan-du-site\/","title":{"rendered":"Plan du site"},"content":{"rendered":"<div class=\"wpb-content-wrapper\"><div data-vc-full-width=\"true\" data-vc-full-width-temp=\"true\" data-vc-full-width-init=\"false\" class=\"vc_row wpb_row vc_row-fluid vc_custom_1644845144189 vc_row-has-fill\"><div class=\"wpb_column vc_column_container vc_col-sm-12\"><div class=\"vc_column-inner\"><div class=\"wpb_wrapper\">\n\t<div class=\"wpb_text_column wpb_content_element h1\" >\n\t\t<div class=\"wpb_wrapper\">\n\t\t\t<h1 style=\"text-align: center;\">Plan du site<\/h1>\n\n\t\t<\/div>\n\t<\/div>\n<\/div><\/div><\/div><\/div><div class=\"vc_row-full-width vc_clearfix\"><\/div><div data-vc-full-width=\"true\" data-vc-full-width-temp=\"true\" data-vc-full-width-init=\"false\" class=\"vc_row wpb_row vc_row-fluid plan-du-site\"><div class=\"wpb_column vc_column_container vc_col-sm-12\"><div class=\"vc_column-inner\"><div class=\"wpb_wrapper\"><div  class=\"vc_wp_custommenu wpb_content_element\"><div class=\"widget widget_nav_menu\"><div class=\"menu-plan-du-site-container\"><ul id=\"menu-plan-du-site\" class=\"menu\"><li id=\"menu-item-1039\" class=\"menu-item menu-item-type-post_type menu-item-object-page menu-item-home menu-item-1039\"><a href=\"https:\/\/impact-even.com\/en\/\">Accueil<\/a><\/li>\n<li id=\"menu-item-1041\" class=\"menu-item menu-item-type-post_type menu-item-object-page menu-item-1041\"><a href=\"https:\/\/impact-even.com\/en\/lentreprise\/\">L\u2019entreprise<\/a><\/li>\n<li id=\"menu-item-1042\" class=\"menu-item menu-item-type-post_type menu-item-object-page menu-item-has-children menu-item-1042\"><a href=\"https:\/\/impact-even.com\/en\/actualites\/\">Les actualit\u00e9s<\/a>\n<ul class=\"sub-menu\">\n\t<li id=\"menu-item-1043\" class=\"menu-item menu-item-type-post_type menu-item-object-page menu-item-1043\"><a href=\"https:\/\/impact-even.com\/en\/actualites\/entreprise\/\">Entreprise<\/a><\/li>\n\t<li id=\"menu-item-1044\" class=\"menu-item menu-item-type-post_type menu-item-object-page menu-item-1044\"><a href=\"https:\/\/impact-even.com\/en\/actualites\/les-realisations\/\">R\u00e9alisations<\/a><\/li>\n\t<li id=\"menu-item-1045\" class=\"menu-item menu-item-type-post_type menu-item-object-page menu-item-1045\"><a href=\"https:\/\/impact-even.com\/en\/actualites\/materiel\/\">Mat\u00e9riel<\/a><\/li>\n<\/ul>\n<\/li>\n<li id=\"menu-item-1047\" class=\"menu-item menu-item-type-post_type menu-item-object-page menu-item-has-children menu-item-1047\"><a href=\"https:\/\/impact-even.com\/en\/les-produits\/\">Les produits<\/a>\n<ul class=\"sub-menu\">\n\t<li id=\"menu-item-1133\" class=\"menu-item menu-item-type-custom menu-item-object-custom menu-item-has-children menu-item-1133\"><a href=\"\/en\/nos-produits\/sonorisation\/\">Sonorisation<\/a>\n\t<ul class=\"sub-menu\">\n\t\t<li id=\"menu-item-1144\" class=\"menu-item menu-item-type-custom menu-item-object-custom menu-item-1144\"><a href=\"\/en\/nos-produits\/regies\/\">R\u00e9gies<\/a><\/li>\n\t\t<li id=\"menu-item-1142\" class=\"menu-item menu-item-type-custom menu-item-object-custom menu-item-1142\"><a href=\"\/en\/nos-produits\/player-recorder\/\">Player \/ recorder<\/a><\/li>\n\t\t<li id=\"menu-item-1141\" class=\"menu-item menu-item-type-custom menu-item-object-custom menu-item-1141\"><a href=\"\/en\/nos-produits\/microphones\/\">Microphones<\/a><\/li>\n\t\t<li id=\"menu-item-1138\" class=\"menu-item menu-item-type-custom menu-item-object-custom menu-item-1138\"><a href=\"\/en\/nos-produits\/diffusion\/\">Diffusion<\/a><\/li>\n\t\t<li id=\"menu-item-1139\" class=\"menu-item menu-item-type-custom menu-item-object-custom menu-item-1139\"><a href=\"\/en\/nos-produits\/interphonie\/\">Interphonie<\/a><\/li>\n\t\t<li id=\"menu-item-1143\" class=\"menu-item menu-item-type-custom menu-item-object-custom menu-item-1143\"><a href=\"\/en\/nos-produits\/pupitres-de-conference\/\">Pupitres de conf\u00e9rence<\/a><\/li>\n\t<\/ul>\n<\/li>\n\t<li id=\"menu-item-1134\" class=\"menu-item menu-item-type-custom menu-item-object-custom menu-item-has-children menu-item-1134\"><a href=\"\/en\/nos-produits\/eclairage\/\">Eclairage<\/a>\n\t<ul class=\"sub-menu\">\n\t\t<li id=\"menu-item-1145\" class=\"menu-item menu-item-type-custom menu-item-object-custom menu-item-1145\"><a href=\"\/en\/nos-produits\/projecteurs-led\/\">Projecteurs LED<\/a><\/li>\n\t\t<li id=\"menu-item-1146\" class=\"menu-item menu-item-type-custom menu-item-object-custom menu-item-1146\"><a href=\"\/en\/nos-produits\/lyres-asservies\/\">Lyres asservies<\/a><\/li>\n\t\t<li id=\"menu-item-1147\" class=\"menu-item menu-item-type-custom menu-item-object-custom menu-item-1147\"><a href=\"\/en\/nos-produits\/projecteurs-decoration\/\">Projecteurs d\u00e9coration<\/a><\/li>\n\t\t<li id=\"menu-item-1148\" class=\"menu-item menu-item-type-custom menu-item-object-custom menu-item-1148\"><a href=\"\/en\/nos-produits\/projecteurs-traditionnels\/\">Projecteurs traditionnels<\/a><\/li>\n\t\t<li id=\"menu-item-1149\" class=\"menu-item menu-item-type-custom menu-item-object-custom menu-item-1149\"><a href=\"\/en\/nos-produits\/tv-cinema\/\">TV-Cin\u00e9ma<\/a><\/li>\n\t\t<li id=\"menu-item-1150\" class=\"menu-item menu-item-type-custom menu-item-object-custom menu-item-1150\"><a href=\"\/en\/nos-produits\/regies-eclairage\/\">R\u00e9gies<\/a><\/li>\n\t\t<li id=\"menu-item-1151\" class=\"menu-item menu-item-type-custom menu-item-object-custom menu-item-1151\"><a href=\"\/en\/nos-produits\/effets-speciaux\/\">Effets sp\u00e9ciaux<\/a><\/li>\n\t<\/ul>\n<\/li>\n\t<li id=\"menu-item-1135\" class=\"menu-item menu-item-type-custom menu-item-object-custom menu-item-has-children menu-item-1135\"><a href=\"\/en\/nos-produits\/video\/\">Vid\u00e9o<\/a>\n\t<ul class=\"sub-menu\">\n\t\t<li id=\"menu-item-7687\" class=\"menu-item menu-item-type-custom menu-item-object-custom menu-item-7687\"><a href=\"\/en\/les-produits\/ecrans\/\">\u00c9crans<\/a><\/li>\n\t\t<li id=\"menu-item-7688\" class=\"menu-item menu-item-type-custom menu-item-object-custom menu-item-7688\"><a href=\"\/en\/les-produits\/videoprojection\/\">Vid\u00e9o-projection<\/a><\/li>\n\t\t<li id=\"menu-item-7689\" class=\"menu-item menu-item-type-custom menu-item-object-custom menu-item-7689\"><a href=\"\/en\/les-produits\/murs-de-led\/\">Murs de LED<\/a><\/li>\n\t\t<li id=\"menu-item-7690\" class=\"menu-item menu-item-type-custom menu-item-object-custom menu-item-7690\"><a href=\"\/en\/les-produits\/captation\/\">Captation<\/a><\/li>\n\t\t<li id=\"menu-item-7691\" class=\"menu-item menu-item-type-custom menu-item-object-custom menu-item-7691\"><a href=\"\/en\/les-produits\/player-recorder-video\/\">Player \/ recorder<\/a><\/li>\n\t\t<li id=\"menu-item-7692\" class=\"menu-item menu-item-type-custom menu-item-object-custom menu-item-7692\"><a href=\"\/en\/les-produits\/peripheriques-video\/\">P\u00e9riph\u00e9riques<\/a><\/li>\n\t\t<li id=\"menu-item-7693\" class=\"menu-item menu-item-type-custom menu-item-object-custom menu-item-7693\"><a href=\"\/en\/les-produits\/systemes-informatique\/\">Syst\u00e8mes &#038; informatique<\/a><\/li>\n\t<\/ul>\n<\/li>\n\t<li id=\"menu-item-1136\" class=\"menu-item menu-item-type-custom menu-item-object-custom menu-item-has-children menu-item-1136\"><a href=\"\/en\/nos-produits\/structure-levage\/\">Structure &#038; levage<\/a>\n\t<ul class=\"sub-menu\">\n\t\t<li id=\"menu-item-7694\" class=\"menu-item menu-item-type-custom menu-item-object-custom menu-item-7694\"><a href=\"\/en\/les-produits\/palans\/\">Palans<\/a><\/li>\n\t\t<li id=\"menu-item-7695\" class=\"menu-item menu-item-type-custom menu-item-object-custom menu-item-7695\"><a href=\"\/en\/les-produits\/pieds-lests\/\">Pieds &#038; lests<\/a><\/li>\n\t\t<li id=\"menu-item-7696\" class=\"menu-item menu-item-type-custom menu-item-object-custom menu-item-7696\"><a href=\"\/en\/les-produits\/tours-de-levage\/\">Tours de levage<\/a><\/li>\n\t\t<li id=\"menu-item-7697\" class=\"menu-item menu-item-type-custom menu-item-object-custom menu-item-7697\"><a href=\"\/en\/les-produits\/lineaires-angles\/\">Lin\u00e9aires &#038; angles<\/a><\/li>\n\t\t<li id=\"menu-item-7698\" class=\"menu-item menu-item-type-custom menu-item-object-custom menu-item-7698\"><a href=\"\/en\/les-produits\/cercles\/\">Cercles<\/a><\/li>\n\t\t<li id=\"menu-item-7699\" class=\"menu-item menu-item-type-custom menu-item-object-custom menu-item-7699\"><a href=\"\/en\/les-produits\/praticables\/\">Praticables<\/a><\/li>\n\t\t<li id=\"menu-item-7700\" class=\"menu-item menu-item-type-custom menu-item-object-custom menu-item-7700\"><a href=\"\/en\/les-produits\/echafaudages\/\">\u00c9chafaudages<\/a><\/li>\n\t<\/ul>\n<\/li>\n\t<li id=\"menu-item-1137\" class=\"menu-item menu-item-type-custom menu-item-object-custom menu-item-has-children menu-item-1137\"><a href=\"\/en\/nos-produits\/energie\/\">Energie<\/a>\n\t<ul class=\"sub-menu\">\n\t\t<li id=\"menu-item-7701\" class=\"menu-item menu-item-type-custom menu-item-object-custom menu-item-7701\"><a href=\"\/en\/les-produits\/armoires-electriques\/\">Armoires \u00e9lectriques<\/a><\/li>\n\t\t<li id=\"menu-item-7702\" class=\"menu-item menu-item-type-custom menu-item-object-custom menu-item-7702\"><a href=\"\/en\/les-produits\/passages-de-cable\/\">Passages de c\u00e2ble<\/a><\/li>\n\t\t<li id=\"menu-item-7703\" class=\"menu-item menu-item-type-custom menu-item-object-custom menu-item-7703\"><a href=\"\/en\/les-produits\/chauffages\/\">Chauffages<\/a><\/li>\n\t\t<li id=\"menu-item-7704\" class=\"menu-item menu-item-type-custom menu-item-object-custom menu-item-7704\"><a href=\"\/en\/les-produits\/securite\/\">S\u00e9curit\u00e9<\/a><\/li>\n\t\t<li id=\"menu-item-7705\" class=\"menu-item menu-item-type-custom menu-item-object-custom menu-item-7705\"><a href=\"\/en\/les-produits\/horloges\/\">Horloges<\/a><\/li>\n\t<\/ul>\n<\/li>\n<\/ul>\n<\/li>\n<li id=\"menu-item-1046\" class=\"menu-item menu-item-type-post_type menu-item-object-page menu-item-1046\"><a href=\"https:\/\/impact-even.com\/en\/les-plateaux\/\">Les plateaux<\/a><\/li>\n<li id=\"menu-item-1040\" class=\"menu-item menu-item-type-post_type menu-item-object-page menu-item-1040\"><a href=\"https:\/\/impact-even.com\/en\/contact\/\">Contact<\/a><\/li>\n<\/ul><\/div><\/div><\/div><\/div><\/div><\/div><\/div><div class=\"vc_row-full-width vc_clearfix\"><\/div>\n<\/div>","protected":false},"excerpt":{"rendered":"Plan du site Accueil L\u2019entreprise Les actualit\u00e9s Entreprise R\u00e9alisations Mat\u00e9riel Les produits Sonorisation R\u00e9gies Player \/ recorder Microphones Diffusion Interphonie Pupitres de conf\u00e9rence Eclairage Projecteurs LED Lyres asservies Projecteurs d\u00e9coration Projecteurs traditionnels TV-Cin\u00e9ma R\u00e9gies Effets sp\u00e9ciaux Vid\u00e9o \u00c9crans Vid\u00e9o-projection Murs de LED Captation Player \/ recorder P\u00e9riph\u00e9riques Syst\u00e8mes &#038; informatique Structure &#038; levage Palans Pieds","protected":false},"author":2,"featured_media":0,"parent":0,"menu_order":0,"comment_status":"closed","ping_status":"closed","template":"","meta":{"_acf_changed":false,"rs_blank_template":"","rs_page_bg_color":"","slide_template_v7":"","inline_featured_image":false,"footnotes":""},"class_list":["post-469","page","type-page","status-publish","hentry"],"acf":[],"yoast_head":"<!-- This site is optimized with the Yoast SEO plugin v27.5 - https:\/\/yoast.com\/product\/yoast-seo-wordpress\/ -->\n<title>Plan du site - Impact \u00c9v\u00e9nement<\/title>\n<meta name=\"robots\" content=\"index, follow, max-snippet:-1, max-image-preview:large, max-video-preview:-1\" \/>\n<link rel=\"canonical\" href=\"https:\/\/impact-even.com\/en\/plan-du-site\/\" \/>\n<meta property=\"og:locale\" content=\"en_GB\" \/>\n<meta property=\"og:type\" content=\"article\" \/>\n<meta property=\"og:title\" content=\"Plan du site - Impact \u00c9v\u00e9nement\" \/>\n<meta property=\"og:url\" content=\"https:\/\/impact-even.com\/en\/plan-du-site\/\" \/>\n<meta property=\"og:site_name\" content=\"Impact \u00c9v\u00e9nement\" \/>\n<meta property=\"article:modified_time\" content=\"2022-02-14T13:25:45+00:00\" \/>\n<meta name=\"twitter:label1\" content=\"Estimated reading time\" \/>\n\t<meta name=\"twitter:data1\" content=\"1 minute\" \/>\n<script type=\"application\/ld+json\" class=\"yoast-schema-graph\">{\"@context\":\"https:\\\/\\\/schema.org\",\"@graph\":[{\"@type\":\"WebPage\",\"@id\":\"https:\\\/\\\/impact-even.com\\\/plan-du-site\\\/\",\"url\":\"https:\\\/\\\/impact-even.com\\\/plan-du-site\\\/\",\"name\":\"Plan du site - Impact \u00c9v\u00e9nement\",\"isPartOf\":{\"@id\":\"https:\\\/\\\/impact-even.com\\\/#website\"},\"datePublished\":\"2021-12-28T13:48:50+00:00\",\"dateModified\":\"2022-02-14T13:25:45+00:00\",\"breadcrumb\":{\"@id\":\"https:\\\/\\\/impact-even.com\\\/plan-du-site\\\/#breadcrumb\"},\"inLanguage\":\"en-GB\",\"potentialAction\":[{\"@type\":\"ReadAction\",\"target\":[\"https:\\\/\\\/impact-even.com\\\/plan-du-site\\\/\"]}]},{\"@type\":\"BreadcrumbList\",\"@id\":\"https:\\\/\\\/impact-even.com\\\/plan-du-site\\\/#breadcrumb\",\"itemListElement\":[{\"@type\":\"ListItem\",\"position\":1,\"name\":\"Accueil\",\"item\":\"https:\\\/\\\/impact-even.com\\\/\"},{\"@type\":\"ListItem\",\"position\":2,\"name\":\"Plan du site\"}]},{\"@type\":\"WebSite\",\"@id\":\"https:\\\/\\\/impact-even.com\\\/#website\",\"url\":\"https:\\\/\\\/impact-even.com\\\/\",\"name\":\"Impact \u00c9v\u00e9nement\",\"description\":\"Prestataire technique audiovisuel\",\"potentialAction\":[{\"@type\":\"SearchAction\",\"target\":{\"@type\":\"EntryPoint\",\"urlTemplate\":\"https:\\\/\\\/impact-even.com\\\/?s={search_term_string}\"},\"query-input\":{\"@type\":\"PropertyValueSpecification\",\"valueRequired\":true,\"valueName\":\"search_term_string\"}}],\"inLanguage\":\"en-GB\"}]}<\/script>\n<!-- \/ Yoast SEO plugin. -->","yoast_head_json":{"title":"Plan du site - Impact \u00c9v\u00e9nement","robots":{"index":"index","follow":"follow","max-snippet":"max-snippet:-1","max-image-preview":"max-image-preview:large","max-video-preview":"max-video-preview:-1"},"canonical":"https:\/\/impact-even.com\/en\/plan-du-site\/","og_locale":"en_GB","og_type":"article","og_title":"Plan du site - Impact \u00c9v\u00e9nement","og_url":"https:\/\/impact-even.com\/en\/plan-du-site\/","og_site_name":"Impact \u00c9v\u00e9nement","article_modified_time":"2022-02-14T13:25:45+00:00","twitter_misc":{"Estimated reading time":"1 minute"},"schema":{"@context":"https:\/\/schema.org","@graph":[{"@type":"WebPage","@id":"https:\/\/impact-even.com\/plan-du-site\/","url":"https:\/\/impact-even.com\/plan-du-site\/","name":"Plan du site - Impact \u00c9v\u00e9nement","isPartOf":{"@id":"https:\/\/impact-even.com\/#website"},"datePublished":"2021-12-28T13:48:50+00:00","dateModified":"2022-02-14T13:25:45+00:00","breadcrumb":{"@id":"https:\/\/impact-even.com\/plan-du-site\/#breadcrumb"},"inLanguage":"en-GB","potentialAction":[{"@type":"ReadAction","target":["https:\/\/impact-even.com\/plan-du-site\/"]}]},{"@type":"BreadcrumbList","@id":"https:\/\/impact-even.com\/plan-du-site\/#breadcrumb","itemListElement":[{"@type":"ListItem","position":1,"name":"Accueil","item":"https:\/\/impact-even.com\/"},{"@type":"ListItem","position":2,"name":"Plan du site"}]},{"@type":"WebSite","@id":"https:\/\/impact-even.com\/#website","url":"https:\/\/impact-even.com\/","name":"Impact \u00c9v\u00e9nement","description":"Prestataire technique audiovisuel","potentialAction":[{"@type":"SearchAction","target":{"@type":"EntryPoint","urlTemplate":"https:\/\/impact-even.com\/?s={search_term_string}"},"query-input":{"@type":"PropertyValueSpecification","valueRequired":true,"valueName":"search_term_string"}}],"inLanguage":"en-GB"}]}},"_links":{"self":[{"href":"https:\/\/impact-even.com\/en\/wp-json\/wp\/v2\/pages\/469","targetHints":{"allow":["GET"]}}],"collection":[{"href":"https:\/\/impact-even.com\/en\/wp-json\/wp\/v2\/pages"}],"about":[{"href":"https:\/\/impact-even.com\/en\/wp-json\/wp\/v2\/types\/page"}],"author":[{"embeddable":true,"href":"https:\/\/impact-even.com\/en\/wp-json\/wp\/v2\/users\/2"}],"replies":[{"embeddable":true,"href":"https:\/\/impact-even.com\/en\/wp-json\/wp\/v2\/comments?post=469"}],"version-history":[{"count":10,"href":"https:\/\/impact-even.com\/en\/wp-json\/wp\/v2\/pages\/469\/revisions"}],"predecessor-version":[{"id":1054,"href":"https:\/\/impact-even.com\/en\/wp-json\/wp\/v2\/pages\/469\/revisions\/1054"}],"wp:attachment":[{"href":"https:\/\/impact-even.com\/en\/wp-json\/wp\/v2\/media?parent=469"}],"curies":[{"name":"wp","href":"https:\/\/api.w.org\/{rel}","templated":true}]}}