{"id":445,"date":"2021-12-02T11:06:02","date_gmt":"2021-12-02T10:06:02","guid":{"rendered":"https:\/\/impact-even.com\/?page_id=445"},"modified":"2022-03-09T10:41:27","modified_gmt":"2022-03-09T09:41:27","slug":"les-realisations","status":"publish","type":"page","link":"https:\/\/impact-even.com\/en\/actualites\/les-realisations\/","title":{"rendered":"Les r\u00e9alisations"},"content":{"rendered":"<div class=\"wpb-content-wrapper\"><div data-vc-full-width=\"true\" data-vc-full-width-temp=\"true\" data-vc-full-width-init=\"false\" data-vc-stretch-content=\"true\" class=\"vc_row wpb_row vc_row-fluid vc_row-no-padding\"><div class=\"wpb_column vc_column_container vc_col-sm-12\"><div class=\"vc_column-inner\"><div class=\"wpb_wrapper\">\n\t<div class='bloc-actualites'>\n\n\t\t<div  class=\"filters-actualites\">\n\t\t\t<h1>Les r\u00e9alisations<\/h1>\n\t\t\t<div class=\"postypes-filters\">\n\t\t\t\t\t\t\t\t\t<a class=\"\" href=\"\/en\/?page_id=153\">Toutes les actualit\u00e9s<\/a>\n\t\t\t\t\t\t\t\t\t<a class=\"active\" href=\"\/en\/?page_id=445\">R\u00e9alisations<\/a>\n\t\t\t\t\t\t\t\t\t<a class=\"\" href=\"\/en\/?page_id=485\">Mat\u00e9riel<\/a>\n\t\t\t\t\t\t\t\t\t<a class=\"\" href=\"\/en\/?page_id=490\">Entreprise<\/a>\n\t\t\t\t\t\t\t<\/div>\n\t\t<\/div>\n\n\t\t<div class=\"row_all_actus\">\n\t\t\t\n\t\t\t<div class=\"row_actus\">\n\t\t\t\t\t\t\t\t\t<div class=\"one_actu\">\n\t\t\t\t\t\t<div class=\"image\">\n\t\t\t\t\t\t\t<img decoding=\"async\" src=\"https:\/\/impact-even.com\/wp-content\/uploads\/2026\/03\/defile-Louis-Vuitton-femme-automne-hiver-2026-1-scaled.jpeg\" alt=\"\">\n\t\t\t\t\t\t<\/div>\n\t\t\t\t\t\t<div class=\"infos\">\n\t\t\t\t\t\t\t<div class=\"content-info\">\n\t\t\t\t\t\t\t\t\n\t\t\t\t\t\t\t\t<div class=\"postype-name\">R\u00e9alisations<\/div>\n\t\t\t\t\t\t\t\t<div class=\"title\">De\u0301file\u0301 Louis Vuitton Femme automne-hiver 2026<\/div>\n\t\t\t\t\t\t\t<\/div>\n\t\t\t\t\t\t\t<div class=\"btn_more\">\n\t\t\t\t\t\t\t\t<a href=\"https:\/\/impact-even.com\/en\/realisations\/defile-louis-vuitton-femme-automne-hiver-2026\/\">D\u00e9couvrir<\/a>\n\t\t\t\t\t\t\t<\/div>\n\t\t\t\t\t\t<\/div>\n\t\t\t\t\t\t<a class=\"stretched-link\" href=\"https:\/\/impact-even.com\/en\/realisations\/defile-louis-vuitton-femme-automne-hiver-2026\/\"><\/a>\n\t\t\t\t\t<\/div>\n\t\t\t\t\t\t\t\t\t<div class=\"one_actu\">\n\t\t\t\t\t\t<div class=\"image\">\n\t\t\t\t\t\t\t<img decoding=\"async\" src=\"https:\/\/impact-even.com\/wp-content\/uploads\/2026\/03\/Defile-Jean-Paul-Gaultier-automne-hiver-2026-3-scaled.jpeg\" alt=\"\">\n\t\t\t\t\t\t<\/div>\n\t\t\t\t\t\t<div class=\"infos\">\n\t\t\t\t\t\t\t<div class=\"content-info\">\n\t\t\t\t\t\t\t\t\n\t\t\t\t\t\t\t\t<div class=\"postype-name\">R\u00e9alisations<\/div>\n\t\t\t\t\t\t\t\t<div class=\"title\">De\u0301file\u0301 Jean Paul Gaultier automne-hiver 2026<\/div>\n\t\t\t\t\t\t\t<\/div>\n\t\t\t\t\t\t\t<div class=\"btn_more\">\n\t\t\t\t\t\t\t\t<a href=\"https:\/\/impact-even.com\/en\/realisations\/defile-jean-paul-gaultier-automne-hiver-2026\/\">D\u00e9couvrir<\/a>\n\t\t\t\t\t\t\t<\/div>\n\t\t\t\t\t\t<\/div>\n\t\t\t\t\t\t<a class=\"stretched-link\" href=\"https:\/\/impact-even.com\/en\/realisations\/defile-jean-paul-gaultier-automne-hiver-2026\/\"><\/a>\n\t\t\t\t\t<\/div>\n\t\t\t\t\t\t\t\t\t<div class=\"one_actu\">\n\t\t\t\t\t\t<div class=\"image\">\n\t\t\t\t\t\t\t<img decoding=\"async\" src=\"https:\/\/impact-even.com\/wp-content\/uploads\/2006\/03\/Defile-Balmain-automne-hiver-2026-vignette-scaled.jpeg\" alt=\"\">\n\t\t\t\t\t\t<\/div>\n\t\t\t\t\t\t<div class=\"infos\">\n\t\t\t\t\t\t\t<div class=\"content-info\">\n\t\t\t\t\t\t\t\t\n\t\t\t\t\t\t\t\t<div class=\"postype-name\">R\u00e9alisations<\/div>\n\t\t\t\t\t\t\t\t<div class=\"title\">De\u0301file\u0301 Balmain automne-hiver 2026<\/div>\n\t\t\t\t\t\t\t<\/div>\n\t\t\t\t\t\t\t<div class=\"btn_more\">\n\t\t\t\t\t\t\t\t<a href=\"https:\/\/impact-even.com\/en\/realisations\/defile-balmain-automne-hiver-2026\/\">D\u00e9couvrir<\/a>\n\t\t\t\t\t\t\t<\/div>\n\t\t\t\t\t\t<\/div>\n\t\t\t\t\t\t<a class=\"stretched-link\" href=\"https:\/\/impact-even.com\/en\/realisations\/defile-balmain-automne-hiver-2026\/\"><\/a>\n\t\t\t\t\t<\/div>\n\t\t\t\t\t\t\t\t\t<div class=\"one_actu\">\n\t\t\t\t\t\t<div class=\"image\">\n\t\t\t\t\t\t\t<img decoding=\"async\" src=\"https:\/\/impact-even.com\/wp-content\/uploads\/2026\/03\/Defile-Tom-Ford-automne-hiver-2026-4.png\" alt=\"\">\n\t\t\t\t\t\t<\/div>\n\t\t\t\t\t\t<div class=\"infos\">\n\t\t\t\t\t\t\t<div class=\"content-info\">\n\t\t\t\t\t\t\t\t\n\t\t\t\t\t\t\t\t<div class=\"postype-name\">R\u00e9alisations<\/div>\n\t\t\t\t\t\t\t\t<div class=\"title\">D\u00e9fil\u00e9 Tom Ford automne-hiver 2026<\/div>\n\t\t\t\t\t\t\t<\/div>\n\t\t\t\t\t\t\t<div class=\"btn_more\">\n\t\t\t\t\t\t\t\t<a href=\"https:\/\/impact-even.com\/en\/realisations\/defile-tom-ford-automne-hiver-2026\/\">D\u00e9couvrir<\/a>\n\t\t\t\t\t\t\t<\/div>\n\t\t\t\t\t\t<\/div>\n\t\t\t\t\t\t<a class=\"stretched-link\" href=\"https:\/\/impact-even.com\/en\/realisations\/defile-tom-ford-automne-hiver-2026\/\"><\/a>\n\t\t\t\t\t<\/div>\n\t\t\t\t\t\t\t\t\t<div class=\"one_actu\">\n\t\t\t\t\t\t<div class=\"image\">\n\t\t\t\t\t\t\t<img decoding=\"async\" src=\"https:\/\/impact-even.com\/wp-content\/uploads\/2026\/03\/Adidas-x-Unisport-1.jpeg\" alt=\"\">\n\t\t\t\t\t\t<\/div>\n\t\t\t\t\t\t<div class=\"infos\">\n\t\t\t\t\t\t\t<div class=\"content-info\">\n\t\t\t\t\t\t\t\t\n\t\t\t\t\t\t\t\t<div class=\"postype-name\">R\u00e9alisations<\/div>\n\t\t\t\t\t\t\t\t<div class=\"title\">ADIDAS x UNISPORT : F50 vs Predator<\/div>\n\t\t\t\t\t\t\t<\/div>\n\t\t\t\t\t\t\t<div class=\"btn_more\">\n\t\t\t\t\t\t\t\t<a href=\"https:\/\/impact-even.com\/en\/realisations\/adidas-x-unisport-f50-vs-predator\/\">D\u00e9couvrir<\/a>\n\t\t\t\t\t\t\t<\/div>\n\t\t\t\t\t\t<\/div>\n\t\t\t\t\t\t<a class=\"stretched-link\" href=\"https:\/\/impact-even.com\/en\/realisations\/adidas-x-unisport-f50-vs-predator\/\"><\/a>\n\t\t\t\t\t<\/div>\n\t\t\t\t\t\t\t\t\t<div class=\"one_actu\">\n\t\t\t\t\t\t<div class=\"image\">\n\t\t\t\t\t\t\t<img decoding=\"async\" src=\"https:\/\/impact-even.com\/wp-content\/uploads\/2026\/03\/Defile-White-Montaineering-automne-hiver-2026-2027-03.jpg\" alt=\"\">\n\t\t\t\t\t\t<\/div>\n\t\t\t\t\t\t<div class=\"infos\">\n\t\t\t\t\t\t\t<div class=\"content-info\">\n\t\t\t\t\t\t\t\t\n\t\t\t\t\t\t\t\t<div class=\"postype-name\">R\u00e9alisations<\/div>\n\t\t\t\t\t\t\t\t<div class=\"title\">D\u00e9fil\u00e9 White Montaineering automne-hiver 2026<\/div>\n\t\t\t\t\t\t\t<\/div>\n\t\t\t\t\t\t\t<div class=\"btn_more\">\n\t\t\t\t\t\t\t\t<a href=\"https:\/\/impact-even.com\/en\/realisations\/defile-white-montaineering-automne-hiver-2026\/\">D\u00e9couvrir<\/a>\n\t\t\t\t\t\t\t<\/div>\n\t\t\t\t\t\t<\/div>\n\t\t\t\t\t\t<a class=\"stretched-link\" href=\"https:\/\/impact-even.com\/en\/realisations\/defile-white-montaineering-automne-hiver-2026\/\"><\/a>\n\t\t\t\t\t<\/div>\n\t\t\t\t\t\t\t\t\t<div class=\"one_actu\">\n\t\t\t\t\t\t<div class=\"image\">\n\t\t\t\t\t\t\t<img decoding=\"async\" src=\"https:\/\/impact-even.com\/wp-content\/uploads\/2026\/01\/Defile-Y-3-automne-hiver-2026-vignette-scaled.jpg\" alt=\"\">\n\t\t\t\t\t\t<\/div>\n\t\t\t\t\t\t<div class=\"infos\">\n\t\t\t\t\t\t\t<div class=\"content-info\">\n\t\t\t\t\t\t\t\t\n\t\t\t\t\t\t\t\t<div class=\"postype-name\">R\u00e9alisations<\/div>\n\t\t\t\t\t\t\t\t<div class=\"title\">D\u00e9fil\u00e9 Y-3 automne-hiver 2026<\/div>\n\t\t\t\t\t\t\t<\/div>\n\t\t\t\t\t\t\t<div class=\"btn_more\">\n\t\t\t\t\t\t\t\t<a href=\"https:\/\/impact-even.com\/en\/realisations\/defile-y-3-automne-hiver-2026\/\">D\u00e9couvrir<\/a>\n\t\t\t\t\t\t\t<\/div>\n\t\t\t\t\t\t<\/div>\n\t\t\t\t\t\t<a class=\"stretched-link\" href=\"https:\/\/impact-even.com\/en\/realisations\/defile-y-3-automne-hiver-2026\/\"><\/a>\n\t\t\t\t\t<\/div>\n\t\t\t\t\t\t\t\t\t<div class=\"one_actu\">\n\t\t\t\t\t\t<div class=\"image\">\n\t\t\t\t\t\t\t<img decoding=\"async\" src=\"https:\/\/impact-even.com\/wp-content\/uploads\/2026\/03\/Defile-IM-MEN-automne-hiver-2026-01.jpg\" alt=\"\">\n\t\t\t\t\t\t<\/div>\n\t\t\t\t\t\t<div class=\"infos\">\n\t\t\t\t\t\t\t<div class=\"content-info\">\n\t\t\t\t\t\t\t\t\n\t\t\t\t\t\t\t\t<div class=\"postype-name\">R\u00e9alisations<\/div>\n\t\t\t\t\t\t\t\t<div class=\"title\">De\u0301file\u0301 Issey Miyake Homme automne-hiver 2026<\/div>\n\t\t\t\t\t\t\t<\/div>\n\t\t\t\t\t\t\t<div class=\"btn_more\">\n\t\t\t\t\t\t\t\t<a href=\"https:\/\/impact-even.com\/en\/realisations\/defile-im-men-automne-hiver-2026\/\">D\u00e9couvrir<\/a>\n\t\t\t\t\t\t\t<\/div>\n\t\t\t\t\t\t<\/div>\n\t\t\t\t\t\t<a class=\"stretched-link\" href=\"https:\/\/impact-even.com\/en\/realisations\/defile-im-men-automne-hiver-2026\/\"><\/a>\n\t\t\t\t\t<\/div>\n\t\t\t\t\t\t\t\t\t<div class=\"one_actu\">\n\t\t\t\t\t\t<div class=\"image\">\n\t\t\t\t\t\t\t<img decoding=\"async\" src=\"https:\/\/impact-even.com\/wp-content\/uploads\/2006\/01\/Convention-CA-GIP-2026-vignette-scaled.jpg\" alt=\"\">\n\t\t\t\t\t\t<\/div>\n\t\t\t\t\t\t<div class=\"infos\">\n\t\t\t\t\t\t\t<div class=\"content-info\">\n\t\t\t\t\t\t\t\t\n\t\t\t\t\t\t\t\t<div class=\"postype-name\">R\u00e9alisations<\/div>\n\t\t\t\t\t\t\t\t<div class=\"title\">Convention CA-GIP 2026<\/div>\n\t\t\t\t\t\t\t<\/div>\n\t\t\t\t\t\t\t<div class=\"btn_more\">\n\t\t\t\t\t\t\t\t<a href=\"https:\/\/impact-even.com\/en\/realisations\/convention-ca-gip-2026\/\">D\u00e9couvrir<\/a>\n\t\t\t\t\t\t\t<\/div>\n\t\t\t\t\t\t<\/div>\n\t\t\t\t\t\t<a class=\"stretched-link\" href=\"https:\/\/impact-even.com\/en\/realisations\/convention-ca-gip-2026\/\"><\/a>\n\t\t\t\t\t<\/div>\n\t\t\t\t\n\t\t\t<\/div>\n\t\t\t<div class=\"pagination\">\n\n\t\t\t\t<span aria-current=\"page\" class=\"page-numbers current\">1<\/span>\n<a class=\"page-numbers\" href=\"https:\/\/impact-even.com\/en\/wp-json\/wp\/v2\/pages\/445\/page\/2\/\">2<\/a>\n<a class=\"page-numbers\" href=\"https:\/\/impact-even.com\/en\/wp-json\/wp\/v2\/pages\/445\/page\/3\/\">3<\/a>\n<span class=\"page-numbers dots\">&hellip;<\/span>\n<a class=\"page-numbers\" href=\"https:\/\/impact-even.com\/en\/wp-json\/wp\/v2\/pages\/445\/page\/12\/\">12<\/a>\n<a class=\"next page-numbers\" href=\"https:\/\/impact-even.com\/en\/wp-json\/wp\/v2\/pages\/445\/page\/2\/\"><i class=\"fal fa-angle-right\"><\/i><\/a>\t\t\t<\/div>\n\n\t\t<\/div>\n\n\t<\/div>\n\n\n<\/div><\/div><\/div><\/div><div class=\"vc_row-full-width vc_clearfix\"><\/div>\n<\/div>","protected":false},"excerpt":{"rendered":"Les r\u00e9alisations Toutes les actualit\u00e9s R\u00e9alisations Mat\u00e9riel Entreprise R\u00e9alisations De\u0301file\u0301 Louis Vuitton Femme automne-hiver 2026 D\u00e9couvrir R\u00e9alisations De\u0301file\u0301 Jean Paul Gaultier automne-hiver 2026 D\u00e9couvrir R\u00e9alisations De\u0301file\u0301 Balmain automne-hiver 2026 D\u00e9couvrir R\u00e9alisations D\u00e9fil\u00e9 Tom Ford automne-hiver 2026 D\u00e9couvrir R\u00e9alisations ADIDAS x UNISPORT : F50 vs Predator D\u00e9couvrir R\u00e9alisations D\u00e9fil\u00e9 White Montaineering automne-hiver 2026 D\u00e9couvrir R\u00e9alisations D\u00e9fil\u00e9","protected":false},"author":2,"featured_media":0,"parent":153,"menu_order":0,"comment_status":"closed","ping_status":"closed","template":"","meta":{"_acf_changed":false,"rs_blank_template":"","rs_page_bg_color":"","slide_template_v7":"","inline_featured_image":false,"footnotes":""},"class_list":["post-445","page","type-page","status-publish","hentry"],"acf":[],"yoast_head":"<!-- This site is optimized with the Yoast SEO plugin v27.5 - https:\/\/yoast.com\/product\/yoast-seo-wordpress\/ -->\n<title>Les r\u00e9alisations - Impact \u00c9v\u00e9nement<\/title>\n<meta name=\"robots\" content=\"index, follow, max-snippet:-1, max-image-preview:large, max-video-preview:-1\" \/>\n<link rel=\"canonical\" href=\"https:\/\/impact-even.com\/en\/actualites\/les-realisations\/\" \/>\n<meta property=\"og:locale\" content=\"en_GB\" \/>\n<meta property=\"og:type\" content=\"article\" \/>\n<meta property=\"og:title\" content=\"Les r\u00e9alisations - Impact \u00c9v\u00e9nement\" \/>\n<meta property=\"og:url\" content=\"https:\/\/impact-even.com\/en\/actualites\/les-realisations\/\" \/>\n<meta property=\"og:site_name\" content=\"Impact \u00c9v\u00e9nement\" \/>\n<meta property=\"article:modified_time\" content=\"2022-03-09T09:41:27+00:00\" \/>\n<script type=\"application\/ld+json\" class=\"yoast-schema-graph\">{\"@context\":\"https:\\\/\\\/schema.org\",\"@graph\":[{\"@type\":\"WebPage\",\"@id\":\"https:\\\/\\\/impact-even.com\\\/actualites\\\/les-realisations\\\/\",\"url\":\"https:\\\/\\\/impact-even.com\\\/actualites\\\/les-realisations\\\/\",\"name\":\"Les r\u00e9alisations - Impact \u00c9v\u00e9nement\",\"isPartOf\":{\"@id\":\"https:\\\/\\\/impact-even.com\\\/#website\"},\"datePublished\":\"2021-12-02T10:06:02+00:00\",\"dateModified\":\"2022-03-09T09:41:27+00:00\",\"breadcrumb\":{\"@id\":\"https:\\\/\\\/impact-even.com\\\/actualites\\\/les-realisations\\\/#breadcrumb\"},\"inLanguage\":\"en-GB\",\"potentialAction\":[{\"@type\":\"ReadAction\",\"target\":[\"https:\\\/\\\/impact-even.com\\\/actualites\\\/les-realisations\\\/\"]}]},{\"@type\":\"BreadcrumbList\",\"@id\":\"https:\\\/\\\/impact-even.com\\\/actualites\\\/les-realisations\\\/#breadcrumb\",\"itemListElement\":[{\"@type\":\"ListItem\",\"position\":1,\"name\":\"Accueil\",\"item\":\"https:\\\/\\\/impact-even.com\\\/\"},{\"@type\":\"ListItem\",\"position\":2,\"name\":\"Les actualit\u00e9s\",\"item\":\"https:\\\/\\\/impact-even.com\\\/actualites\\\/\"},{\"@type\":\"ListItem\",\"position\":3,\"name\":\"Les r\u00e9alisations\"}]},{\"@type\":\"WebSite\",\"@id\":\"https:\\\/\\\/impact-even.com\\\/#website\",\"url\":\"https:\\\/\\\/impact-even.com\\\/\",\"name\":\"Impact \u00c9v\u00e9nement\",\"description\":\"Prestataire technique audiovisuel\",\"potentialAction\":[{\"@type\":\"SearchAction\",\"target\":{\"@type\":\"EntryPoint\",\"urlTemplate\":\"https:\\\/\\\/impact-even.com\\\/?s={search_term_string}\"},\"query-input\":{\"@type\":\"PropertyValueSpecification\",\"valueRequired\":true,\"valueName\":\"search_term_string\"}}],\"inLanguage\":\"en-GB\"}]}<\/script>\n<!-- \/ Yoast SEO plugin. -->","yoast_head_json":{"title":"Les r\u00e9alisations - Impact \u00c9v\u00e9nement","robots":{"index":"index","follow":"follow","max-snippet":"max-snippet:-1","max-image-preview":"max-image-preview:large","max-video-preview":"max-video-preview:-1"},"canonical":"https:\/\/impact-even.com\/en\/actualites\/les-realisations\/","og_locale":"en_GB","og_type":"article","og_title":"Les r\u00e9alisations - Impact \u00c9v\u00e9nement","og_url":"https:\/\/impact-even.com\/en\/actualites\/les-realisations\/","og_site_name":"Impact \u00c9v\u00e9nement","article_modified_time":"2022-03-09T09:41:27+00:00","schema":{"@context":"https:\/\/schema.org","@graph":[{"@type":"WebPage","@id":"https:\/\/impact-even.com\/actualites\/les-realisations\/","url":"https:\/\/impact-even.com\/actualites\/les-realisations\/","name":"Les r\u00e9alisations - Impact \u00c9v\u00e9nement","isPartOf":{"@id":"https:\/\/impact-even.com\/#website"},"datePublished":"2021-12-02T10:06:02+00:00","dateModified":"2022-03-09T09:41:27+00:00","breadcrumb":{"@id":"https:\/\/impact-even.com\/actualites\/les-realisations\/#breadcrumb"},"inLanguage":"en-GB","potentialAction":[{"@type":"ReadAction","target":["https:\/\/impact-even.com\/actualites\/les-realisations\/"]}]},{"@type":"BreadcrumbList","@id":"https:\/\/impact-even.com\/actualites\/les-realisations\/#breadcrumb","itemListElement":[{"@type":"ListItem","position":1,"name":"Accueil","item":"https:\/\/impact-even.com\/"},{"@type":"ListItem","position":2,"name":"Les actualit\u00e9s","item":"https:\/\/impact-even.com\/actualites\/"},{"@type":"ListItem","position":3,"name":"Les r\u00e9alisations"}]},{"@type":"WebSite","@id":"https:\/\/impact-even.com\/#website","url":"https:\/\/impact-even.com\/","name":"Impact \u00c9v\u00e9nement","description":"Prestataire technique audiovisuel","potentialAction":[{"@type":"SearchAction","target":{"@type":"EntryPoint","urlTemplate":"https:\/\/impact-even.com\/?s={search_term_string}"},"query-input":{"@type":"PropertyValueSpecification","valueRequired":true,"valueName":"search_term_string"}}],"inLanguage":"en-GB"}]}},"_links":{"self":[{"href":"https:\/\/impact-even.com\/en\/wp-json\/wp\/v2\/pages\/445","targetHints":{"allow":["GET"]}}],"collection":[{"href":"https:\/\/impact-even.com\/en\/wp-json\/wp\/v2\/pages"}],"about":[{"href":"https:\/\/impact-even.com\/en\/wp-json\/wp\/v2\/types\/page"}],"author":[{"embeddable":true,"href":"https:\/\/impact-even.com\/en\/wp-json\/wp\/v2\/users\/2"}],"replies":[{"embeddable":true,"href":"https:\/\/impact-even.com\/en\/wp-json\/wp\/v2\/comments?post=445"}],"version-history":[{"count":11,"href":"https:\/\/impact-even.com\/en\/wp-json\/wp\/v2\/pages\/445\/revisions"}],"predecessor-version":[{"id":6093,"href":"https:\/\/impact-even.com\/en\/wp-json\/wp\/v2\/pages\/445\/revisions\/6093"}],"up":[{"embeddable":true,"href":"https:\/\/impact-even.com\/en\/wp-json\/wp\/v2\/pages\/153"}],"wp:attachment":[{"href":"https:\/\/impact-even.com\/en\/wp-json\/wp\/v2\/media?parent=445"}],"curies":[{"name":"wp","href":"https:\/\/api.w.org\/{rel}","templated":true}]}}