{"id":155,"date":"2021-10-22T16:09:30","date_gmt":"2021-10-22T14:09:30","guid":{"rendered":"https:\/\/impact-even.com\/?page_id=155"},"modified":"2025-01-28T09:56:48","modified_gmt":"2025-01-28T08:56:48","slug":"les-produits","status":"publish","type":"page","link":"https:\/\/impact-even.com\/en\/les-produits\/","title":{"rendered":"Les produits"},"content":{"rendered":"","protected":false},"excerpt":{"rendered":"","protected":false},"author":2,"featured_media":0,"parent":0,"menu_order":0,"comment_status":"closed","ping_status":"closed","template":"template-nos-produits.php","meta":{"_acf_changed":false,"rs_blank_template":"","rs_page_bg_color":"","slide_template_v7":"","inline_featured_image":false,"footnotes":""},"class_list":["post-155","page","type-page","status-publish","hentry"],"acf":[],"yoast_head":"<!-- This site is optimized with the Yoast SEO plugin v27.6 - https:\/\/yoast.com\/product\/yoast-seo-wordpress\/ -->\n<title>Le parc mat\u00e9riel | Impact \u00c9v\u00e9nement<\/title>\n<meta name=\"description\" content=\"Notre parc de mat\u00e9riel est disponible en location et \u00e0 la vente pour r\u00e9pondre \u00e0 vos besoins sur tous vos \u00e9v\u00e9nements corporate, tv, live..\" \/>\n<meta name=\"robots\" content=\"index, follow, max-snippet:-1, max-image-preview:large, max-video-preview:-1\" \/>\n<link rel=\"canonical\" href=\"https:\/\/impact-even.com\/en\/les-produits\/\" \/>\n<meta property=\"og:locale\" content=\"en_GB\" \/>\n<meta property=\"og:type\" content=\"article\" \/>\n<meta property=\"og:title\" content=\"Le parc mat\u00e9riel | Impact \u00c9v\u00e9nement\" \/>\n<meta property=\"og:description\" content=\"Notre parc de mat\u00e9riel est disponible en location et \u00e0 la vente pour r\u00e9pondre \u00e0 vos besoins sur tous vos \u00e9v\u00e9nements corporate, tv, live..\" \/>\n<meta property=\"og:url\" content=\"https:\/\/impact-even.com\/en\/les-produits\/\" \/>\n<meta property=\"og:site_name\" content=\"Impact \u00c9v\u00e9nement\" \/>\n<meta property=\"article:modified_time\" content=\"2025-01-28T08:56:48+00:00\" \/>\n<script type=\"application\/ld+json\" class=\"yoast-schema-graph\">{\"@context\":\"https:\\\/\\\/schema.org\",\"@graph\":[{\"@type\":\"WebPage\",\"@id\":\"https:\\\/\\\/impact-even.com\\\/les-produits\\\/\",\"url\":\"https:\\\/\\\/impact-even.com\\\/les-produits\\\/\",\"name\":\"Le parc mat\u00e9riel | Impact \u00c9v\u00e9nement\",\"isPartOf\":{\"@id\":\"https:\\\/\\\/impact-even.com\\\/#website\"},\"datePublished\":\"2021-10-22T14:09:30+00:00\",\"dateModified\":\"2025-01-28T08:56:48+00:00\",\"description\":\"Notre parc de mat\u00e9riel est disponible en location et \u00e0 la vente pour r\u00e9pondre \u00e0 vos besoins sur tous vos \u00e9v\u00e9nements corporate, tv, live..\",\"breadcrumb\":{\"@id\":\"https:\\\/\\\/impact-even.com\\\/les-produits\\\/#breadcrumb\"},\"inLanguage\":\"en-GB\",\"potentialAction\":[{\"@type\":\"ReadAction\",\"target\":[\"https:\\\/\\\/impact-even.com\\\/les-produits\\\/\"]}]},{\"@type\":\"BreadcrumbList\",\"@id\":\"https:\\\/\\\/impact-even.com\\\/les-produits\\\/#breadcrumb\",\"itemListElement\":[{\"@type\":\"ListItem\",\"position\":1,\"name\":\"Accueil\",\"item\":\"https:\\\/\\\/impact-even.com\\\/\"},{\"@type\":\"ListItem\",\"position\":2,\"name\":\"Les produits\"}]},{\"@type\":\"WebSite\",\"@id\":\"https:\\\/\\\/impact-even.com\\\/#website\",\"url\":\"https:\\\/\\\/impact-even.com\\\/\",\"name\":\"Impact \u00c9v\u00e9nement\",\"description\":\"Prestataire technique audiovisuel\",\"potentialAction\":[{\"@type\":\"SearchAction\",\"target\":{\"@type\":\"EntryPoint\",\"urlTemplate\":\"https:\\\/\\\/impact-even.com\\\/?s={search_term_string}\"},\"query-input\":{\"@type\":\"PropertyValueSpecification\",\"valueRequired\":true,\"valueName\":\"search_term_string\"}}],\"inLanguage\":\"en-GB\"}]}<\/script>\n<!-- \/ Yoast SEO plugin. -->","yoast_head_json":{"title":"Le parc mat\u00e9riel | Impact \u00c9v\u00e9nement","description":"Notre parc de mat\u00e9riel est disponible en location et \u00e0 la vente pour r\u00e9pondre \u00e0 vos besoins sur tous vos \u00e9v\u00e9nements corporate, tv, live..","robots":{"index":"index","follow":"follow","max-snippet":"max-snippet:-1","max-image-preview":"max-image-preview:large","max-video-preview":"max-video-preview:-1"},"canonical":"https:\/\/impact-even.com\/en\/les-produits\/","og_locale":"en_GB","og_type":"article","og_title":"Le parc mat\u00e9riel | Impact \u00c9v\u00e9nement","og_description":"Notre parc de mat\u00e9riel est disponible en location et \u00e0 la vente pour r\u00e9pondre \u00e0 vos besoins sur tous vos \u00e9v\u00e9nements corporate, tv, live..","og_url":"https:\/\/impact-even.com\/en\/les-produits\/","og_site_name":"Impact \u00c9v\u00e9nement","article_modified_time":"2025-01-28T08:56:48+00:00","schema":{"@context":"https:\/\/schema.org","@graph":[{"@type":"WebPage","@id":"https:\/\/impact-even.com\/les-produits\/","url":"https:\/\/impact-even.com\/les-produits\/","name":"Le parc mat\u00e9riel | Impact \u00c9v\u00e9nement","isPartOf":{"@id":"https:\/\/impact-even.com\/#website"},"datePublished":"2021-10-22T14:09:30+00:00","dateModified":"2025-01-28T08:56:48+00:00","description":"Notre parc de mat\u00e9riel est disponible en location et \u00e0 la vente pour r\u00e9pondre \u00e0 vos besoins sur tous vos \u00e9v\u00e9nements corporate, tv, live..","breadcrumb":{"@id":"https:\/\/impact-even.com\/les-produits\/#breadcrumb"},"inLanguage":"en-GB","potentialAction":[{"@type":"ReadAction","target":["https:\/\/impact-even.com\/les-produits\/"]}]},{"@type":"BreadcrumbList","@id":"https:\/\/impact-even.com\/les-produits\/#breadcrumb","itemListElement":[{"@type":"ListItem","position":1,"name":"Accueil","item":"https:\/\/impact-even.com\/"},{"@type":"ListItem","position":2,"name":"Les produits"}]},{"@type":"WebSite","@id":"https:\/\/impact-even.com\/#website","url":"https:\/\/impact-even.com\/","name":"Impact \u00c9v\u00e9nement","description":"Prestataire technique audiovisuel","potentialAction":[{"@type":"SearchAction","target":{"@type":"EntryPoint","urlTemplate":"https:\/\/impact-even.com\/?s={search_term_string}"},"query-input":{"@type":"PropertyValueSpecification","valueRequired":true,"valueName":"search_term_string"}}],"inLanguage":"en-GB"}]}},"_links":{"self":[{"href":"https:\/\/impact-even.com\/en\/wp-json\/wp\/v2\/pages\/155","targetHints":{"allow":["GET"]}}],"collection":[{"href":"https:\/\/impact-even.com\/en\/wp-json\/wp\/v2\/pages"}],"about":[{"href":"https:\/\/impact-even.com\/en\/wp-json\/wp\/v2\/types\/page"}],"author":[{"embeddable":true,"href":"https:\/\/impact-even.com\/en\/wp-json\/wp\/v2\/users\/2"}],"replies":[{"embeddable":true,"href":"https:\/\/impact-even.com\/en\/wp-json\/wp\/v2\/comments?post=155"}],"version-history":[{"count":10,"href":"https:\/\/impact-even.com\/en\/wp-json\/wp\/v2\/pages\/155\/revisions"}],"predecessor-version":[{"id":21307,"href":"https:\/\/impact-even.com\/en\/wp-json\/wp\/v2\/pages\/155\/revisions\/21307"}],"wp:attachment":[{"href":"https:\/\/impact-even.com\/en\/wp-json\/wp\/v2\/media?parent=155"}],"curies":[{"name":"wp","href":"https:\/\/api.w.org\/{rel}","templated":true}]}}