{"id":1158,"date":"2022-02-16T10:30:08","date_gmt":"2022-02-16T09:30:08","guid":{"rendered":"https:\/\/impact-even.com\/?page_id=1158"},"modified":"2025-09-25T18:24:08","modified_gmt":"2025-09-25T16:24:08","slug":"nous-trouver","status":"publish","type":"page","link":"https:\/\/impact-even.com\/en\/contact\/nous-trouver\/","title":{"rendered":"Nous trouver"},"content":{"rendered":"<div class=\"wpb-content-wrapper\"><div id=\"parissud\" class=\"vc_row wpb_row vc_row-fluid\"><div class=\"wpb_column vc_column_container vc_col-sm-12\"><div class=\"vc_column-inner\"><div class=\"wpb_wrapper\">\n\t<div class=\"wpb_text_column wpb_content_element\" >\n\t\t<div class=\"wpb_wrapper\">\n\t\t\t<h2 style=\"text-align: center;\">Nous trouver<\/h2>\n\n\t\t<\/div>\n\t<\/div>\n\n\t<div class=\"wpb_text_column wpb_content_element title_map\" >\n\t\t<div class=\"wpb_wrapper\">\n\t\t\t<p style=\"text-align: center;\">Paris sud &#8211; Longjumeau<\/p>\n\n\t\t<\/div>\n\t<\/div>\n<\/div><\/div><\/div><\/div><div data-vc-full-width=\"true\" data-vc-full-width-temp=\"true\" data-vc-full-width-init=\"false\" data-vc-stretch-content=\"true\" class=\"vc_row wpb_row vc_row-fluid row_map_img vc_row-no-padding\"><div class=\"wpb_column vc_column_container vc_col-sm-6\"><div class=\"vc_column-inner\"><div class=\"wpb_wrapper\"><div class='map-container' id='map69f1a4ffabf8b' style='height: 500px;'><\/div>\n\n      <script type='text\/javascript'>\n\n          jQuery(document).ready(function($) {\n              var passedArray69f1a4ffabf8b =  [{\"latmark\":\"48.6983434\",\"longmark\":\"2.2874891\",\"img\":false,\"infobulle\":\"1 all\\u00e9e d'Effiat<br\\\/ > Le Parc de L'Ev\\u00e9nement - B\\u00e2t D<br \\\/> FR - 91160 Longjumeau\"}];\n\n              var map69f1a4ffabf8b;\n\n\n                  map69f1a4ffabf8b = new google.maps.Map( document.getElementById('map69f1a4ffabf8b'), {\n                          center: new google.maps.LatLng(48.69840457141904, 2.287722261460035),\n                          zoom: 12,\n                          fullscreenControl: true,\n                          mapTypeControl: true,\n                          streetViewControl: true,\n                          zoomControl: true,\n                          styles: [\n                          \n                          ]\n                      }\n                  );\n\n                  var features69f1a4ffabf8b = [];\n\n                  for (var i = 0; i < passedArray69f1a4ffabf8b.length; i++) {\n                      b = {\n                          position: new google.maps.LatLng(passedArray69f1a4ffabf8b[i].latmark, passedArray69f1a4ffabf8b[i].longmark),\n                          type: passedArray69f1a4ffabf8b[i].img,\n                          addr: passedArray69f1a4ffabf8b[i].infobulle\n                      }\n                      features69f1a4ffabf8b.push(b);\n                  }\n\n\n                  for (var i = 0; i < features69f1a4ffabf8b.length; i++) {\n\n                      var marker69f1a4ffabf8b = new google.maps.Marker({\n                          position: features69f1a4ffabf8b[i].position,\n                          icon: features69f1a4ffabf8b[i].type,\n                          map: map69f1a4ffabf8b\n                      });\n\n                      var infowindow69f1a4ffabf8b = new google.maps.InfoWindow();\n\n                      var content69f1a4ffabf8b = features69f1a4ffabf8b[i].addr;\n\n                      google.maps.event.addListener(marker69f1a4ffabf8b,'click', (function(marker69f1a4ffabf8b,content69f1a4ffabf8b,infowindow69f1a4ffabf8b){\n                          return function() {\n                              infowindow69f1a4ffabf8b.setContent(content69f1a4ffabf8b);\n                              infowindow69f1a4ffabf8b.open(map69f1a4ffabf8b,marker69f1a4ffabf8b);\n                          };\n                      })(marker69f1a4ffabf8b,content69f1a4ffabf8b,infowindow69f1a4ffabf8b));\n\n                  };\n\n\n          });\n\n     <\/script>\n\n\n  <\/div><\/div><\/div><div class=\"wpb_column vc_column_container vc_col-sm-6\"><div class=\"vc_column-inner\"><div class=\"wpb_wrapper\">\n\t<div  class=\"wpb_single_image wpb_content_element vc_align_left wpb_content_element\">\n\t\t\n\t\t<figure class=\"wpb_wrapper vc_figure\">\n\t\t\t<div class=\"vc_single_image-wrapper   vc_box_border_grey\"><img decoding=\"async\" width=\"1024\" height=\"560\" src=\"https:\/\/impact-even.com\/wp-content\/uploads\/2022\/04\/longjumeau-1024x560-1.jpg\" class=\"vc_single_image-img attachment-full\" alt=\"Si\u00e8ge Paris sud - Longjumeau (91)\" title=\"longjumeau-1024x560\" srcset=\"https:\/\/impact-even.com\/wp-content\/uploads\/2022\/04\/longjumeau-1024x560-1.jpg 1024w, https:\/\/impact-even.com\/wp-content\/uploads\/2022\/04\/longjumeau-1024x560-1-300x164.jpg 300w, https:\/\/impact-even.com\/wp-content\/uploads\/2022\/04\/longjumeau-1024x560-1-768x420.jpg 768w\" sizes=\"(max-width: 1024px) 100vw, 1024px\" \/><\/div>\n\t\t<\/figure>\n\t<\/div>\n<\/div><\/div><\/div><\/div><div class=\"vc_row-full-width vc_clearfix\"><\/div><div class=\"vc_row wpb_row vc_row-fluid row_map_addr\"><div class=\"wpb_column vc_column_container vc_col-sm-12\"><div class=\"vc_column-inner\"><div class=\"wpb_wrapper\"><div class=\"vc_row wpb_row vc_inner vc_row-fluid\"><div class=\"wpb_column vc_column_container vc_col-sm-12\"><div class=\"vc_column-inner\"><div class=\"wpb_wrapper\">\n\t<div class=\"wpb_text_column wpb_content_element tag-map\" >\n\t\t<div class=\"wpb_wrapper\">\n\t\t\t<p style=\"text-align: center;\">SI\u00c8GE PARIS SUD<\/p>\n\n\t\t<\/div>\n\t<\/div>\n<\/div><\/div><\/div><\/div><div class=\"vc_row wpb_row vc_inner vc_row-fluid vc_row-o-equal-height vc_row-flex\"><div class=\"col-border-r wpb_column vc_column_container vc_col-sm-6\"><div class=\"vc_column-inner\"><div class=\"wpb_wrapper\">\n\t<div class=\"wpb_text_column wpb_content_element\" >\n\t\t<div class=\"wpb_wrapper\">\n\t\t\t<p><span style=\"font-size: 38px;\"><strong>Horaires d&rsquo;ouverture<\/strong><\/span><\/p>\n<ul>\n<li><span style=\"font-size: 16pt;\"><strong>Accueil g\u00e9n\u00e9ral : <\/strong><\/span>\n<ul>\n<li><span style=\"font-size: 16pt;\">Du lundi au vendredi : 9h00 &#8211; 12h30 \/ 14h00 &#8211; 18h00<\/span><\/li>\n<\/ul>\n<\/li>\n<li><span style=\"font-size: 16pt;\"><strong>Permanence commerciale location :<\/strong><\/span>\n<ul>\n<li><span style=\"font-size: 16pt;\">Du lundi au vendredi : 9h00 &#8211; 12h30 \/ 14h00 &#8211; 18h30<\/span><\/li>\n<li><span style=\"font-size: 16pt;\">Le samedi* : 9h00 \u00e0 12h30<\/span><\/li>\n<\/ul>\n<\/li>\n<li><span style=\"font-size: 16pt;\"><strong>Permanence enl\u00e8vements\/retours location :<\/strong><\/span>\n<ul>\n<li><span style=\"font-size: 16pt;\">Du lundi au vendredi : 9h00 &#8211; 12h00 \/ 14h00 &#8211; 18h00<\/span><\/li>\n<li><span style=\"font-size: 16pt;\">Le samedi* : 9h00 \u00e0 12h00<\/span><\/li>\n<\/ul>\n<\/li>\n<\/ul>\n<p><span style=\"font-size: 12pt;\">*Samedis ferm\u00e9s pendant les vacances scolaires<\/span><\/p>\n<p><strong>T\u00e9l\u00e9phone<\/strong> : <a title=\"Call +33 01 69 10 50 50 with 3CX Click to Call\" href=\"tel:+33 01 69 10 50 50\" target=\"\" rel=\"noopener\">+33 (0)1 69 10 50 50<\/a><\/p>\n<p><strong>Mail<\/strong> : <a href=\"mailto:info@impactevenement.com\">info@impactevenement.com<\/a><\/p>\n\n\t\t<\/div>\n\t<\/div>\n<\/div><\/div><\/div><div class=\"wpb_column vc_column_container vc_col-sm-6\"><div class=\"vc_column-inner\"><div class=\"wpb_wrapper\">\n    <div class='bloc-addr-map'>\n      <div class=\"addr-map\">\n        <h3>Adresse<\/h3>\n        <p>1 all\u00e9e d\u2019Effiat<br \/>\nLe Parc de L\u2019\u00c9v\u00e9nement - B\u00e2t D<br \/>\nFR - 91160 Longjumeau<\/p>\n\n      <\/div>\n      <a target=\"_blank\" class=\"btn-itineraire\" href=\"https:\/\/www.google.com\/maps\/place\/Impact+Ev%C3%A9nement\/@48.6982227,2.2873873,17z\/data=!4m8!1m2!2m1!1zMSBhbGzDqWUgZOKAmUVmZmlhdCBMZSBQYXJjIGRlIEzigJnDiXbDqW5lbWVudCAtIELDonQgRCBGUiAtIDkxMTYwIExvbmdqdW1lYXU!3m4!1s0x0:0x8a694ef07f241c0!8m2!3d48.6983686!4d2.2877219\"><svg id=\"WKND-icon\" xmlns=\"http:\/\/www.w3.org\/2000\/svg\" width=\"20\" height=\"20\" viewBox=\"0 0 20 20\">\n\t\t\t\t\t\t<rect id=\"background\" width=\"20\" height=\"20\" fill=\"none\"><\/rect>\n\t\t\t\t\t\t<g id=\"Dribbble-Light-Preview\" transform=\"translate(-420 -919)\">\n\t\t\t\t\t\t\t<g id=\"icons\" transform=\"translate(56 160)\">\n\t\t\t\t\t\t\t\t<path id=\"send-_1570_\" data-name=\"send-[#1570]\" d=\"M376,759v2h4.475l-7.409,7.165,1.47,1.292L382,761.926V767h2v-8Zm6,12h2v8H364V759h8v2h-6v16h16Z\" fill-rule=\"evenodd\"><\/path>\n\t\t\t\t\t\t\t<\/g>\n\t\t\t\t\t\t<\/g>\n\t\t\t\t\t<\/svg> Itin\u00e9raire<\/a>\n          <div class=\"img-addr-map\">\n                          <a target=\"_blank\" href=\"https:\/\/leparcdelevenement.com\/\">\n                          <img decoding=\"async\"  src=\"https:\/\/impact-even.com\/wp-content\/uploads\/2022\/02\/parc-evenement.png\"\/>\n                          <\/a>\n            \n          <\/div>\n\n\n\n    <\/div>\n\n    <\/div><\/div><\/div><\/div><\/div><\/div><\/div><\/div><div id=\"parisnord\" class=\"vc_row wpb_row vc_row-fluid vc_custom_1669295262344\"><div class=\"wpb_column vc_column_container vc_col-sm-12\"><div class=\"vc_column-inner\"><div class=\"wpb_wrapper\">\n\t<div class=\"wpb_text_column wpb_content_element title_map\" >\n\t\t<div class=\"wpb_wrapper\">\n\t\t\t<p style=\"text-align: center;\">Paris nord &#8211; Aubervilliers<\/p>\n\n\t\t<\/div>\n\t<\/div>\n<\/div><\/div><\/div><\/div><div data-vc-full-width=\"true\" data-vc-full-width-temp=\"true\" data-vc-full-width-init=\"false\" data-vc-stretch-content=\"true\" class=\"vc_row wpb_row vc_row-fluid row_map_img vc_row-no-padding\"><div class=\"wpb_column vc_column_container vc_col-sm-6\"><div class=\"vc_column-inner\"><div class=\"wpb_wrapper\"><div class='map-container' id='map69f1a4ffadd71' style='height: 500px;'><\/div>\n\n      <script type='text\/javascript'>\n\n          jQuery(document).ready(function($) {\n              var passedArray69f1a4ffadd71 =  [{\"latmark\":\"48.9146883\",\"longmark\":\"2.3689924\",\"img\":false,\"infobulle\":\"61 rue du Landy - B\\u00e2t A4<br\\\/ > FR - 93300 Aubervillers\"}];\n\n              var map69f1a4ffadd71;\n\n\n                  map69f1a4ffadd71 = new google.maps.Map( document.getElementById('map69f1a4ffadd71'), {\n                          center: new google.maps.LatLng(48.914520978262104, 2.3687475492673684),\n                          zoom: 12,\n                          fullscreenControl: true,\n                          mapTypeControl: true,\n                          streetViewControl: true,\n                          zoomControl: true,\n                          styles: [\n                          \n                          ]\n                      }\n                  );\n\n                  var features69f1a4ffadd71 = [];\n\n                  for (var i = 0; i < passedArray69f1a4ffadd71.length; i++) {\n                      b = {\n                          position: new google.maps.LatLng(passedArray69f1a4ffadd71[i].latmark, passedArray69f1a4ffadd71[i].longmark),\n                          type: passedArray69f1a4ffadd71[i].img,\n                          addr: passedArray69f1a4ffadd71[i].infobulle\n                      }\n                      features69f1a4ffadd71.push(b);\n                  }\n\n\n                  for (var i = 0; i < features69f1a4ffadd71.length; i++) {\n\n                      var marker69f1a4ffadd71 = new google.maps.Marker({\n                          position: features69f1a4ffadd71[i].position,\n                          icon: features69f1a4ffadd71[i].type,\n                          map: map69f1a4ffadd71\n                      });\n\n                      var infowindow69f1a4ffadd71 = new google.maps.InfoWindow();\n\n                      var content69f1a4ffadd71 = features69f1a4ffadd71[i].addr;\n\n                      google.maps.event.addListener(marker69f1a4ffadd71,'click', (function(marker69f1a4ffadd71,content69f1a4ffadd71,infowindow69f1a4ffadd71){\n                          return function() {\n                              infowindow69f1a4ffadd71.setContent(content69f1a4ffadd71);\n                              infowindow69f1a4ffadd71.open(map69f1a4ffadd71,marker69f1a4ffadd71);\n                          };\n                      })(marker69f1a4ffadd71,content69f1a4ffadd71,infowindow69f1a4ffadd71));\n\n                  };\n\n\n          });\n\n     <\/script>\n\n\n  <\/div><\/div><\/div><div class=\"wpb_column vc_column_container vc_col-sm-6\"><div class=\"vc_column-inner\"><div class=\"wpb_wrapper\">\n\t<div  class=\"wpb_single_image wpb_content_element vc_align_left wpb_content_element\">\n\t\t\n\t\t<figure class=\"wpb_wrapper vc_figure\">\n\t\t\t<div class=\"vc_single_image-wrapper   vc_box_border_grey\"><img decoding=\"async\" width=\"1258\" height=\"654\" src=\"https:\/\/impact-even.com\/wp-content\/uploads\/2022\/02\/aubervilliers.jpg\" class=\"vc_single_image-img attachment-full\" alt=\"\" title=\"aubervilliers\" srcset=\"https:\/\/impact-even.com\/wp-content\/uploads\/2022\/02\/aubervilliers.jpg 1258w, https:\/\/impact-even.com\/wp-content\/uploads\/2022\/02\/aubervilliers-300x156.jpg 300w, https:\/\/impact-even.com\/wp-content\/uploads\/2022\/02\/aubervilliers-1024x532.jpg 1024w, https:\/\/impact-even.com\/wp-content\/uploads\/2022\/02\/aubervilliers-768x399.jpg 768w\" sizes=\"(max-width: 1258px) 100vw, 1258px\" \/><\/div>\n\t\t<\/figure>\n\t<\/div>\n<\/div><\/div><\/div><\/div><div class=\"vc_row-full-width vc_clearfix\"><\/div><div class=\"vc_row wpb_row vc_row-fluid row_map_addr vc_custom_1669295527385\"><div class=\"wpb_column vc_column_container vc_col-sm-12\"><div class=\"vc_column-inner\"><div class=\"wpb_wrapper\"><div class=\"vc_row wpb_row vc_inner vc_row-fluid\"><div class=\"wpb_column vc_column_container vc_col-sm-12\"><div class=\"vc_column-inner\"><div class=\"wpb_wrapper\">\n\t<div class=\"wpb_text_column wpb_content_element tag-map\" >\n\t\t<div class=\"wpb_wrapper\">\n\t\t\t<p style=\"text-align: center;\">AGENCE PARIS NORD<\/p>\n\n\t\t<\/div>\n\t<\/div>\n<\/div><\/div><\/div><\/div><div class=\"vc_row wpb_row vc_inner vc_row-fluid vc_row-o-equal-height vc_row-flex\"><div class=\"col-border-r wpb_column vc_column_container vc_col-sm-6\"><div class=\"vc_column-inner\"><div class=\"wpb_wrapper\">\n\t<div class=\"wpb_text_column wpb_content_element\" >\n\t\t<div class=\"wpb_wrapper\">\n\t\t\t<p><span style=\"font-size: 38px;\"><strong>Horaires d&rsquo;ouverture<\/strong><\/span><\/p>\n<ul>\n<li><span style=\"font-size: 16pt;\">Du lundi au vendredi : 9h00 \u00e0 18h00 sans interruption<\/span><\/li>\n<\/ul>\n<p><span style=\"color: #000000; font-size: 12pt;\">Horaires vacances scolaires : Du lundi au vendredi : 09h00 &#8211; 12h30 \/ 13h30 &#8211; 18h00<\/span><\/p>\n<p><span style=\"color: #000000;\"><strong>T\u00e9l\u00e9phone<\/strong> : <a style=\"color: #000000;\" title=\"Call +33 01 69 10 50 50 with 3CX Click to Call\" href=\"tel:+33 01 69 10 50 50\" target=\"\" rel=\"noopener\">+33 (0)1 69 10 50 50<\/a><\/span><\/p>\n<p><span style=\"color: #000000;\"><strong>Mail<\/strong> : <a style=\"color: #000000;\" href=\"mailto:info@impactevenement.com\">info@impactevenement.com<\/a><\/span><\/p>\n\n\t\t<\/div>\n\t<\/div>\n<\/div><\/div><\/div><div class=\"wpb_column vc_column_container vc_col-sm-6\"><div class=\"vc_column-inner\"><div class=\"wpb_wrapper\">\n    <div class='bloc-addr-map'>\n      <div class=\"addr-map\">\n        <h3>Adresse<\/h3>\n        <p>61 rue du Landy - B\u00e2t A4<br \/>\nFR - 93300 AubervillIers<\/p>\n\n      <\/div>\n      <a target=\"_blank\" class=\"btn-itineraire\" href=\"https:\/\/www.google.com\/maps\/place\/Impact+Ev%C3%A8nement\/@48.9151688,2.3663129,16.75z\/data=!4m13!1m7!3m6!1s0x47e66e9f99b2686d:0x858251bb6e425c79!2s61+Rue+du+Landy+B%C3%A2t+A4,+93300+Aubervilliers!3b1!8m2!3d48.9147431!4d2.3695435!3m4!1s0x47e66e9f9de7ed25:0xf53b6ce0f291224a!8m2!3d48.9150893!4d2.3684546\"><svg id=\"WKND-icon\" xmlns=\"http:\/\/www.w3.org\/2000\/svg\" width=\"20\" height=\"20\" viewBox=\"0 0 20 20\">\n\t\t\t\t\t\t<rect id=\"background\" width=\"20\" height=\"20\" fill=\"none\"><\/rect>\n\t\t\t\t\t\t<g id=\"Dribbble-Light-Preview\" transform=\"translate(-420 -919)\">\n\t\t\t\t\t\t\t<g id=\"icons\" transform=\"translate(56 160)\">\n\t\t\t\t\t\t\t\t<path id=\"send-_1570_\" data-name=\"send-[#1570]\" d=\"M376,759v2h4.475l-7.409,7.165,1.47,1.292L382,761.926V767h2v-8Zm6,12h2v8H364V759h8v2h-6v16h16Z\" fill-rule=\"evenodd\"><\/path>\n\t\t\t\t\t\t\t<\/g>\n\t\t\t\t\t\t<\/g>\n\t\t\t\t\t<\/svg> Itin\u00e9raire<\/a>\n          <div class=\"img-addr-map\">\n                          <img decoding=\"async\"  src=\"\"\/>\n            \n          <\/div>\n\n\n\n    <\/div>\n\n    <\/div><\/div><\/div><\/div><\/div><\/div><\/div><\/div>\n<\/div>","protected":false},"excerpt":{"rendered":"Nous trouver Paris sud - Longjumeau SI\u00c8GE PARIS SUD Horaires d'ouverture Accueil g\u00e9n\u00e9ral : Du lundi au vendredi : 9h00 - 12h30 \/ 14h00 - 18h00 Permanence commerciale location : Du lundi au vendredi : 9h00 - 12h30 \/ 14h00 - 18h30 Le samedi* : 9h00 \u00e0 12h30 Permanence enl\u00e8vements\/retours location : Du lundi au","protected":false},"author":2,"featured_media":0,"parent":159,"menu_order":0,"comment_status":"closed","ping_status":"closed","template":"template-contact.php","meta":{"_acf_changed":false,"rs_blank_template":"","rs_page_bg_color":"","slide_template_v7":"","inline_featured_image":false,"footnotes":""},"class_list":["post-1158","page","type-page","status-publish","hentry"],"acf":[],"yoast_head":"<!-- This site is optimized with the Yoast SEO plugin v27.5 - https:\/\/yoast.com\/product\/yoast-seo-wordpress\/ -->\n<title>Nous trouver | Impact \u00c9v\u00e9nement<\/title>\n<meta name=\"description\" content=\"Retrouvez Impact \u00c9v\u00e9nement \u00e0 Paris Sud ou Paris Nord durant nos horaires d&#039;ouverture.\" \/>\n<meta name=\"robots\" content=\"index, follow, max-snippet:-1, max-image-preview:large, max-video-preview:-1\" \/>\n<link rel=\"canonical\" href=\"https:\/\/impact-even.com\/en\/contact\/nous-trouver\/\" \/>\n<meta property=\"og:locale\" content=\"en_GB\" \/>\n<meta property=\"og:type\" content=\"article\" \/>\n<meta property=\"og:title\" content=\"Nous trouver | Impact \u00c9v\u00e9nement\" \/>\n<meta property=\"og:description\" content=\"Retrouvez Impact \u00c9v\u00e9nement \u00e0 Paris Sud ou Paris Nord durant nos horaires d&#039;ouverture.\" \/>\n<meta property=\"og:url\" content=\"https:\/\/impact-even.com\/en\/contact\/nous-trouver\/\" \/>\n<meta property=\"og:site_name\" content=\"Impact \u00c9v\u00e9nement\" \/>\n<meta property=\"article:modified_time\" content=\"2025-09-25T16:24:08+00:00\" \/>\n<meta name=\"twitter:label1\" content=\"Estimated reading time\" \/>\n\t<meta name=\"twitter:data1\" content=\"2 minutes\" \/>\n<script type=\"application\/ld+json\" class=\"yoast-schema-graph\">{\"@context\":\"https:\\\/\\\/schema.org\",\"@graph\":[{\"@type\":\"WebPage\",\"@id\":\"https:\\\/\\\/impact-even.com\\\/contact\\\/nous-trouver\\\/\",\"url\":\"https:\\\/\\\/impact-even.com\\\/contact\\\/nous-trouver\\\/\",\"name\":\"Nous trouver | Impact \u00c9v\u00e9nement\",\"isPartOf\":{\"@id\":\"https:\\\/\\\/impact-even.com\\\/#website\"},\"datePublished\":\"2022-02-16T09:30:08+00:00\",\"dateModified\":\"2025-09-25T16:24:08+00:00\",\"description\":\"Retrouvez Impact \u00c9v\u00e9nement \u00e0 Paris Sud ou Paris Nord durant nos horaires d'ouverture.\",\"breadcrumb\":{\"@id\":\"https:\\\/\\\/impact-even.com\\\/contact\\\/nous-trouver\\\/#breadcrumb\"},\"inLanguage\":\"en-GB\",\"potentialAction\":[{\"@type\":\"ReadAction\",\"target\":[\"https:\\\/\\\/impact-even.com\\\/contact\\\/nous-trouver\\\/\"]}]},{\"@type\":\"BreadcrumbList\",\"@id\":\"https:\\\/\\\/impact-even.com\\\/contact\\\/nous-trouver\\\/#breadcrumb\",\"itemListElement\":[{\"@type\":\"ListItem\",\"position\":1,\"name\":\"Accueil\",\"item\":\"https:\\\/\\\/impact-even.com\\\/\"},{\"@type\":\"ListItem\",\"position\":2,\"name\":\"Contact\",\"item\":\"https:\\\/\\\/impact-even.com\\\/contact\\\/\"},{\"@type\":\"ListItem\",\"position\":3,\"name\":\"Nous trouver\"}]},{\"@type\":\"WebSite\",\"@id\":\"https:\\\/\\\/impact-even.com\\\/#website\",\"url\":\"https:\\\/\\\/impact-even.com\\\/\",\"name\":\"Impact \u00c9v\u00e9nement\",\"description\":\"Prestataire technique audiovisuel\",\"potentialAction\":[{\"@type\":\"SearchAction\",\"target\":{\"@type\":\"EntryPoint\",\"urlTemplate\":\"https:\\\/\\\/impact-even.com\\\/?s={search_term_string}\"},\"query-input\":{\"@type\":\"PropertyValueSpecification\",\"valueRequired\":true,\"valueName\":\"search_term_string\"}}],\"inLanguage\":\"en-GB\"}]}<\/script>\n<!-- \/ Yoast SEO plugin. -->","yoast_head_json":{"title":"Nous trouver | Impact \u00c9v\u00e9nement","description":"Retrouvez Impact \u00c9v\u00e9nement \u00e0 Paris Sud ou Paris Nord durant nos horaires d'ouverture.","robots":{"index":"index","follow":"follow","max-snippet":"max-snippet:-1","max-image-preview":"max-image-preview:large","max-video-preview":"max-video-preview:-1"},"canonical":"https:\/\/impact-even.com\/en\/contact\/nous-trouver\/","og_locale":"en_GB","og_type":"article","og_title":"Nous trouver | Impact \u00c9v\u00e9nement","og_description":"Retrouvez Impact \u00c9v\u00e9nement \u00e0 Paris Sud ou Paris Nord durant nos horaires d'ouverture.","og_url":"https:\/\/impact-even.com\/en\/contact\/nous-trouver\/","og_site_name":"Impact \u00c9v\u00e9nement","article_modified_time":"2025-09-25T16:24:08+00:00","twitter_misc":{"Estimated reading time":"2 minutes"},"schema":{"@context":"https:\/\/schema.org","@graph":[{"@type":"WebPage","@id":"https:\/\/impact-even.com\/contact\/nous-trouver\/","url":"https:\/\/impact-even.com\/contact\/nous-trouver\/","name":"Nous trouver | Impact \u00c9v\u00e9nement","isPartOf":{"@id":"https:\/\/impact-even.com\/#website"},"datePublished":"2022-02-16T09:30:08+00:00","dateModified":"2025-09-25T16:24:08+00:00","description":"Retrouvez Impact \u00c9v\u00e9nement \u00e0 Paris Sud ou Paris Nord durant nos horaires d'ouverture.","breadcrumb":{"@id":"https:\/\/impact-even.com\/contact\/nous-trouver\/#breadcrumb"},"inLanguage":"en-GB","potentialAction":[{"@type":"ReadAction","target":["https:\/\/impact-even.com\/contact\/nous-trouver\/"]}]},{"@type":"BreadcrumbList","@id":"https:\/\/impact-even.com\/contact\/nous-trouver\/#breadcrumb","itemListElement":[{"@type":"ListItem","position":1,"name":"Accueil","item":"https:\/\/impact-even.com\/"},{"@type":"ListItem","position":2,"name":"Contact","item":"https:\/\/impact-even.com\/contact\/"},{"@type":"ListItem","position":3,"name":"Nous trouver"}]},{"@type":"WebSite","@id":"https:\/\/impact-even.com\/#website","url":"https:\/\/impact-even.com\/","name":"Impact \u00c9v\u00e9nement","description":"Prestataire technique audiovisuel","potentialAction":[{"@type":"SearchAction","target":{"@type":"EntryPoint","urlTemplate":"https:\/\/impact-even.com\/?s={search_term_string}"},"query-input":{"@type":"PropertyValueSpecification","valueRequired":true,"valueName":"search_term_string"}}],"inLanguage":"en-GB"}]}},"_links":{"self":[{"href":"https:\/\/impact-even.com\/en\/wp-json\/wp\/v2\/pages\/1158","targetHints":{"allow":["GET"]}}],"collection":[{"href":"https:\/\/impact-even.com\/en\/wp-json\/wp\/v2\/pages"}],"about":[{"href":"https:\/\/impact-even.com\/en\/wp-json\/wp\/v2\/types\/page"}],"author":[{"embeddable":true,"href":"https:\/\/impact-even.com\/en\/wp-json\/wp\/v2\/users\/2"}],"replies":[{"embeddable":true,"href":"https:\/\/impact-even.com\/en\/wp-json\/wp\/v2\/comments?post=1158"}],"version-history":[{"count":37,"href":"https:\/\/impact-even.com\/en\/wp-json\/wp\/v2\/pages\/1158\/revisions"}],"predecessor-version":[{"id":23911,"href":"https:\/\/impact-even.com\/en\/wp-json\/wp\/v2\/pages\/1158\/revisions\/23911"}],"up":[{"embeddable":true,"href":"https:\/\/impact-even.com\/en\/wp-json\/wp\/v2\/pages\/159"}],"wp:attachment":[{"href":"https:\/\/impact-even.com\/en\/wp-json\/wp\/v2\/media?parent=1158"}],"curies":[{"name":"wp","href":"https:\/\/api.w.org\/{rel}","templated":true}]}}